{"id":19,"date":"2017-09-13T17:19:20","date_gmt":"2017-09-13T15:19:20","guid":{"rendered":"http:\/\/wenzl-assekuranz.com\/site\/?page_id=19"},"modified":"2018-05-25T08:07:38","modified_gmt":"2018-05-25T06:07:38","slug":"privacy-policy","status":"publish","type":"page","link":"https:\/\/wenzl-assekuranz.com\/it\/politica-sulla-riservatezza\/","title":{"rendered":"politica sulla riservatezza"},"content":{"rendered":"<h4>1. Nome e dati di contatto del titolare e del responsabile della protezione dei dati aziendale<\/h4>\n<p>Questa politica sulla privacy si applica al trattamento dei dati da parte di:<br \/>\nResponsabile:<\/p>\n<p>Wenzl Assekuranzmakler GmbH (di seguito: \u201cWenzl\u201d),<br \/>\nWurzerstra\u00dfe 17 a 80539 Monaco di Baviera<br \/>\nTelefono: +49 (0) 89 767576-0<br \/>\nFax: +49 (0) 89 767576-10<br \/>\nE-mail: buero@wenzl-assekuranz.de<\/p>\n<p>Wenzl rinuncia all&#039;ordine di un responsabile della protezione dei dati ai sensi del \u00a7 38 BDSG (legge federale sulla protezione dei dati).<\/p>\n<h4>2. Raccolta e conservazione dei dati personali<\/h4>\n<p>Raccolta e conservazione dei dati personali nonch\u00e9 la natura e lo scopo del loro utilizzo<\/p>\n<p><strong>Quando si visita il sito web<\/strong><br \/>\nQuando visiti il nostro sito web www.wenzl-care.com, il browser utilizzato sul tuo dispositivo invia automaticamente informazioni al server del nostro sito web. Queste informazioni vengono temporaneamente archiviate in un cosiddetto file di registro. Le seguenti informazioni verranno raccolte senza il tuo intervento e conservate fino alla cancellazione automatizzata:<\/p>\n<ul>\n<li>indirizzo IP del computer richiedente,<\/li>\n<li>data e ora di accesso,<\/li>\n<li>nome e URL del file recuperato,<\/li>\n<li>Sito web da cui si accede (URL di riferimento),<\/li>\n<li>il browser utilizzato e, se applicabile, il sistema operativo del tuo computer nonch\u00e9 il nome del tuo<\/li>\n<li>fornitore di accesso.<\/li>\n<\/ul>\n<p>I dati citati sono da noi trattati per le seguenti finalit\u00e0:<\/p>\n<ul>\n<li>garantire una connessione fluida del sito web,<\/li>\n<li>garantire un uso confortevole del nostro sito Web,<\/li>\n<li>Valutazione anche della sicurezza e stabilit\u00e0 del sistema<\/li>\n<li>per ulteriori finalit\u00e0 amministrative.<\/li>\n<\/ul>\n<p>La base giuridica per il trattamento dei dati \u00e8 l&#039;art. 6 par. 1 pag. 1 lit. f DSGVO. Il nostro interesse legittimo deriva dalle finalit\u00e0 di raccolta dei dati sopra elencate. In nessun caso utilizziamo i dati raccolti allo scopo di trarre conclusioni su di te.<\/p>\n<p>Inoltre, utilizziamo cookie e servizi di analisi quando visitiamo il nostro sito web. Ulteriori dettagli sono disponibili al n. 4 e 5 della presente informativa sulla privacy.<\/p>\n<h4>3. Divulgazione dei dati<\/h4>\n<p>Non avviene un trasferimento dei tuoi dati personali a terzi per finalit\u00e0 diverse da quelle elencate di seguito.<br \/>\nCondividiamo le tue informazioni personali con terze parti solo se:<\/p>\n<ul>\n<li>Tua tua ai sensi dell&#039;art. 6 par. 1 frase 1 lit. a DSGVO hanno dato espresso consenso a questo<\/li>\n<li>informativa ex art. 6 par. 1 frase 1 lit. f DSGVO \u00e8 tenuto a far valere, esercitare o difendere diritti legali e non vi \u00e8 motivo di presumere che tu abbia un interesse prevalentemente legittimo a non divulgare i tuoi dati,<\/li>\n<li>nel caso in cui la comunicazione ai sensi dell&#039;art. 6 par. 1 frase 1 lit. c DSGVO \u00e8 anche un obbligo legale<\/li>\n<li>ci\u00f2 \u00e8 legalmente consentito e ai sensi dell&#039;art. 6 par. 1 frase 1 lit. b DSGVO \u00e8 necessario per la risoluzione dei rapporti contrattuali con voi.<\/li>\n<\/ul>\n<h4>4. Cookie<\/h4>\n<p>Utilizziamo i cookie sul nostro sito. Si tratta di piccoli file che il tuo browser crea automaticamente e che vengono memorizzati sul tuo dispositivo (laptop, tablet, smartphone, ecc.) quando visiti il nostro sito. I cookie non danneggiano il tuo dispositivo, non contengono virus, trojan o altri software dannosi.<\/p>\n<p>Nei cookie vengono memorizzate informazioni, ciascuna risultante in connessione con lo specifico terminale utilizzato. Tuttavia, ci\u00f2 non significa che siamo immediatamente a conoscenza della tua identit\u00e0.<\/p>\n<p>Da un lato, l&#039;uso dei cookie serve a rendere pi\u00f9 piacevole l&#039;utilizzo della nostra offerta. Ad esempio, utilizziamo i cosiddetti cookie di sessione per riconoscere che hai gi\u00e0 visitato singole pagine del nostro sito web. Questi vengono cancellati automaticamente dopo aver lasciato la nostra pagina.<\/p>\n<p>Inoltre, per migliorare l&#039;usabilit\u00e0, utilizziamo anche cookie temporanei che vengono memorizzati sul tuo dispositivo per un determinato periodo di tempo. Se visiti nuovamente il nostro sito per usufruire dei nostri servizi, riconoscer\u00e0 automaticamente che sei gi\u00e0 stato con noi e quali input e impostazioni hai effettuato, quindi non dovrai reinserirli.<\/p>\n<p>D&#039;altra parte, utilizziamo i cookie per registrare statisticamente l&#039;utilizzo del nostro sito Web e valutarlo allo scopo di ottimizzare la nostra offerta (vedere la sezione 5). Questi cookie ci consentono di riconoscere automaticamente quando visiti nuovamente il nostro sito che sei gi\u00e0 stato con noi. Questi cookie vengono cancellati automaticamente dopo un tempo definito.<\/p>\n<p>I dati elaborati dai cookie sono per le finalit\u00e0 menzionate al fine di salvaguardare i nostri interessi legittimi e quelli di terzi ai sensi dell&#039;art. 6 par. 1 frase 1 lit. f DSGVO richiesto.<\/p>\n<p>La maggior parte dei browser accetta i cookie automaticamente. Tuttavia, puoi configurare il tuo browser in modo che nessun cookie venga memorizzato sul tuo computer o che appaia sempre un suggerimento prima che venga creato un nuovo cookie. Tuttavia, disabilitare completamente i cookie potrebbe comportare l&#039;impossibilit\u00e0 di utilizzare tutte le funzionalit\u00e0 del nostro sito web.<\/p>\n<h4>5. Strumenti di analisi<\/h4>\n<p><strong>Strumenti di monitoraggio<\/strong><br \/>\nLe misure di tracciamento elencate di seguito e da noi utilizzate si basano sull&#039;art. 6 par. 1 frase 1 lit. f DSGVO. Con le misure di tracciamento da utilizzare, vogliamo garantire un design basato sulle esigenze e l&#039;ottimizzazione continua del nostro sito web. D&#039;altra parte, utilizziamo le misure di tracciamento per registrare statisticamente l&#039;utilizzo del nostro sito Web e valutarlo allo scopo di ottimizzare la nostra offerta per voi. Tali interessi sono da ritenersi giustificati ai sensi della suddetta disposizione.<\/p>\n<p>Le rispettive finalit\u00e0 di elaborazione dei dati e categorie di dati sono disponibili nei corrispondenti strumenti di tracciamento.<\/p>\n<p><strong>i) Google Analytics<\/strong><br \/>\nAllo scopo di personalizzare e ottimizzare continuamente le nostre pagine, utilizziamo Google Analytics, un servizio di analisi web fornito da Google Inc. (https:\/\/www.google.com\/intl\/en\/about\/) (1600 Amphitheatre Parkway, Mountain View , CA 94043, USA, di seguito \u201cGoogle\u201d). In questo contesto vengono creati profili di utilizzo pseudonimizzati e vengono utilizzati i cookie (vedi punto 4). Le informazioni generate dal cookie sull&#039;utilizzo di questo sito Web come<\/p>\n<ul>\n<li>tipo\/versione del browser,<\/li>\n<li>sistema operativo utilizzato,<\/li>\n<li>Referrer URL (la pagina precedentemente visitata),<\/li>\n<li>nome host del computer che accede (indirizzo IP),<\/li>\n<li>\u00a0ora della richiesta al server,<\/li>\n<\/ul>\n<p>vengono trasmessi a un server di Google negli Stati Uniti e ivi archiviati. Le informazioni vengono utilizzate per valutare l&#039;utilizzo del sito Web, compilare report sull&#039;attivit\u00e0 del sito Web e fornire altri servizi relativi all&#039;attivit\u00e0 del sito Web e all&#039;utilizzo di Internet ai fini di ricerche di mercato e progettazione di siti Web su misura. Queste informazioni possono anche essere trasferite a terzi se richiesto dalla legge o se terzi elaborano questi dati nell&#039;ordine. In nessun caso il tuo indirizzo IP verr\u00e0 unito a nessun altro dato fornito da Google. Gli indirizzi IP sono resi anonimi, in modo che non sia possibile un&#039;assegnazione (mascheramento IP).<\/p>\n<p>\u00c8 possibile impedire l&#039;installazione dei cookie impostando opportunamente il software del browser; tuttavia, segnaliamo che in questo caso non tutte le funzionalit\u00e0 di questo sito Web potrebbero essere sfruttate appieno.<\/p>\n<p>Potete anche impedire la raccolta dei dati generati dal cookie e relativi al vostro utilizzo del sito web (compreso il vostro indirizzo IP) e l&#039;elaborazione di questi dati da parte di Google scaricando e <a href=\"https:\/\/\/it\/ \/\/tools.google.com\/dlpage\/gaoptout\/?hl=de\">installazione di un componente aggiuntivo del browser<\/a>.<\/p>\n<p>In alternativa al componente aggiuntivo del browser, soprattutto per i browser su dispositivi mobili, \u00e8 possibile impedire la raccolta da parte di Google Analytics cliccando su questo link. Verr\u00e0 impostato un cookie di opt-out che impedir\u00e0 la futura raccolta dei tuoi dati quando visiti questo sito web. Il cookie di opt-out \u00e8 valido solo in questo browser e solo per il nostro sito Web ed \u00e8 memorizzato sul tuo dispositivo. Se elimini i cookie in questo browser, devi impostare nuovamente il cookie di opt-out.<\/p>\n<p>Per ulteriori informazioni sulla privacy relativa a Google Analytics, consultare il Centro assistenza di Google Analytics (<a href=\"https:\/\/support.google.com\/analytics\/answer\/6004245?hl=en\">https:\/\/support.google.com\/analytics\/answer\/6004245?hl=en<\/a>).<\/p>\n<h4>6. Plugin e strumenti<\/h4>\n<p><strong>Font web di Google<\/strong><\/p>\n<p>Per una rappresentazione uniforme dei caratteri, questa pagina utilizza i caratteri web forniti da Google. Quando apri una pagina, il tuo browser carica i caratteri web richiesti nella cache del browser per visualizzare correttamente testi e caratteri.<\/p>\n<p>A tal fine il tuo browser deve stabilire una connessione diretta ai server di Google. Google viene cos\u00ec a conoscenza che la nostra pagina web \u00e8 stata visitata tramite il tuo indirizzo IP. L&#039;utilizzo dei caratteri web di Google avviene nell&#039;interesse di una presentazione uniforme e attraente del nostro sito web. Ci\u00f2 costituisce un legittimo interesse ai sensi dell&#039;art. 6 (1) (f) GDPR.<\/p>\n<p>Se il tuo browser non supporta i caratteri web, il tuo computer utilizza un carattere standard.<\/p>\n<p>Ulteriori informazioni sulla gestione dei dati degli utenti sono disponibili all&#039;indirizzo https:\/\/developers.google.com\/fonts\/faq e nell&#039;informativa sulla privacy di Google all&#039;indirizzo <a href=\"https:\/\/www.google.com\/policies\/privacy\/\">https:\/\/www.google.com\/policies\/privacy\/<\/a>.<\/p>\n<h4>7. Diritti interessati<\/h4>\n<p>Hai il diritto:<\/p>\n<ul>\n<li>\u00a0ai sensi dell&#039;art. 15 DSGVO, per richiedere informazioni sui tuoi dati personali da noi trattati. In particolare, potr\u00e0 fornire indicazioni sulle finalit\u00e0 del trattamento, la categoria di dati personali, le categorie di destinatari a cui i suoi dati sono stati comunicati, il periodo di conservazione previsto, il diritto di rettifica, cancellazione, limitazione del trattamento od opposizione, l&#039;esistenza di a Il diritto di reclamo, l&#039;origine dei propri dati, se non raccolti presso di noi, e l&#039;esistenza di processi decisionali automatizzati compresa la profilazione e, se del caso, informazioni significative sui propri dati;<\/li>\n<li>ai sensi dell&#039;art. 16 DSGVO, richiedere immediatamente la correzione dei dati personali errati o completi archiviati presso di noi;<\/li>\n<li>ai sensi dell&#039;art. 17 DSGVO, per richiedere la cancellazione dei dati personali da noi conservati, a meno che il trattamento per l&#039;esercizio del diritto alla libert\u00e0 di espressione e di informazione, per l&#039;adempimento di un obbligo legale, per motivi di interesse pubblico o per l&#039;affermazione, esercizio o \u00e8 richiesta la difesa di rivendicazioni legali;<\/li>\n<li>di chiedere la limitazione del trattamento dei suoi dati personali ai sensi dell&#039;art. 18 GDPR, per quanto da te contesta l&#039;esattezza dei dati, il trattamento \u00e8 illecito, ma tu ne rifiuti la cancellazione e non abbiamo pi\u00f9 bisogno dei dati, ma tu lo affermi, Esercizio o difesa di un diritto in sede giudiziaria o ti sei opposto il trattamento ai sensi dell&#039;art. 21 GDPR;<\/li>\n<li>ai sensi dell&#039;art. 20 DSGVO, per ricevere i tuoi dati personali fornitici in un formato strutturato, standard e leggibile da dispositivo automatico o per richiederne la trasmissione ad un altro responsabile;<br \/>\nsecondo l&#039;art. 7 par. 3 DSGVO, di revocare in qualsiasi momento il consenso che ci ha dato una volta. Di conseguenza, non siamo autorizzati a continuare il trattamento dei dati sulla base di questo consenso per il futuro e<br \/>\nproporre reclamo ad un&#039;autorit\u00e0 di controllo ex art. 77 DSGVO. Di norma, puoi contattare l&#039;autorit\u00e0 di vigilanza del tuo luogo di residenza o di lavoro abituale o il nostro Wenzlsitzes<\/li>\n<\/ul>\n<h4>8. Diritto di opposizione<\/h4>\n<p>Se i tuoi dati personali sono basati su interessi legittimi ai sensi dell&#039;art. 6 par. 1 frase 1 lit. Se DSGVO vengono elaborati, hai il diritto di presentare un&#039;obiezione contro il trattamento dei tuoi dati personali ai sensi dell&#039;art. 21 DSGVO, a condizione che vi siano ragioni per ci\u00f2 derivanti dalla tua situazione particolare o che l&#039;obiezione sia diretta contro la posta diretta. In quest&#039;ultimo caso, hai un diritto di opposizione generale, che viene implementato da noi senza specificare alcuna situazione particolare.<\/p>\n<p>Se desideri esercitare il tuo diritto di revoca o opposizione, invia un&#039;e-mail a buero@wenzl-assekuranz.de.<\/p>\n<h4>9. Sicurezza dei dati<\/h4>\n<p>Utilizziamo il popolare metodo SSL (Secure Socket Layer) all&#039;interno della visita del sito, insieme al pi\u00f9 alto livello di crittografia supportato dal tuo browser. In generale, si tratta di una crittografia a 256 bit. Se il tuo browser non supporta la crittografia a 256 bit, utilizzeremo invece la tecnologia v3 a 128 bit. Se una singola pagina del nostro sito Web \u00e8 crittografata \u00e8 mostrato dalla rappresentazione chiusa dell&#039;icona della chiave o del lucchetto nella barra di stato inferiore del browser.<\/p>\n<p>Adottiamo inoltre misure di sicurezza tecniche e organizzative adeguate per proteggere i tuoi dati da manipolazioni accidentali o intenzionali, perdita parziale o totale, distruzione o accesso non autorizzato da parte di terzi. Le nostre misure di sicurezza vengono continuamente migliorate in linea con gli sviluppi tecnologici.<\/p>\n<h4>10. Aggiornamento e modifica di questa politica sulla privacy<\/h4>\n<p>Questa politica sulla privacy \u00e8 attualmente valida ed \u00e8 valida a partire da maggio 2018.<br \/>\nA seguito dell&#039;ulteriore sviluppo del nostro sito Web e delle relative offerte o a causa di requisiti legali o ufficiali modificati, potrebbe essere necessario modificare questa politica sulla privacy. L&#039;attuale politica sulla privacy pu\u00f2 essere visualizzata e stampata dall&#039;utente in qualsiasi momento sul sito Web all&#039;indirizzo www.wenzl-assekuranz.com.<\/p>","protected":false},"excerpt":{"rendered":"<div class=\"byline\">Questa Informativa sulla privacy ha lo scopo di aiutarti a capire quali dati raccogliamo, perch\u00e9 li raccogliamo e cosa ne facciamo.<\/p>","protected":false},"author":2,"featured_media":0,"parent":0,"menu_order":0,"comment_status":"closed","ping_status":"closed","template":"","meta":{"_genesis_hide_title":false,"_genesis_hide_breadcrumbs":false,"_genesis_hide_singular_image":false,"_genesis_hide_footer_widgets":false,"_genesis_custom_body_class":"","_genesis_custom_post_class":"","_genesis_layout":"","footnotes":""},"class_list":{"0":"post-19","1":"page","2":"type-page","3":"status-publish","5":"entry"},"_links":{"self":[{"href":"https:\/\/wenzl-assekuranz.com\/it\/wp-json\/wp\/v2\/pages\/19"}],"collection":[{"href":"https:\/\/wenzl-assekuranz.com\/it\/wp-json\/wp\/v2\/pages"}],"about":[{"href":"https:\/\/wenzl-assekuranz.com\/it\/wp-json\/wp\/v2\/types\/page"}],"author":[{"embeddable":true,"href":"https:\/\/wenzl-assekuranz.com\/it\/wp-json\/wp\/v2\/users\/2"}],"replies":[{"embeddable":true,"href":"https:\/\/wenzl-assekuranz.com\/it\/wp-json\/wp\/v2\/comments?post=19"}],"version-history":[{"count":20,"href":"https:\/\/wenzl-assekuranz.com\/it\/wp-json\/wp\/v2\/pages\/19\/revisions"}],"predecessor-version":[{"id":605,"href":"https:\/\/wenzl-assekuranz.com\/it\/wp-json\/wp\/v2\/pages\/19\/revisions\/605"}],"wp:attachment":[{"href":"https:\/\/wenzl-assekuranz.com\/it\/wp-json\/wp\/v2\/media?parent=19"}],"curies":[{"name":"wp","href":"https:\/\/api.w.org\/{rel}","templated":true}]}}