{"id":13,"date":"2017-09-13T17:16:44","date_gmt":"2017-09-13T15:16:44","guid":{"rendered":"http:\/\/wenzl-assekuranz.com\/site\/?page_id=13"},"modified":"2023-09-01T09:31:55","modified_gmt":"2023-09-01T07:31:55","slug":"about-us","status":"publish","type":"page","link":"https:\/\/wenzl-assekuranz.com\/it\/chi-siamo\/","title":{"rendered":"Chi siamo"},"content":{"rendered":"<div data-elementor-type=\"wp-page\" data-elementor-id=\"13\" class=\"elementor elementor-13\" data-elementor-post-type=\"page\">\n\t\t\t\t\t\t<section class=\"elementor-section elementor-top-section elementor-element elementor-element-45165c2a elementor-section-boxed elementor-section-height-default elementor-section-height-default\" data-id=\"45165c2a\" data-element_type=\"section\" data-e-type=\"section\">\n\t\t\t\t\t\t<div class=\"elementor-container elementor-column-gap-default\">\n\t\t\t\t\t<div class=\"elementor-column elementor-col-100 elementor-top-column elementor-element elementor-element-6dea5027\" data-id=\"6dea5027\" data-element_type=\"column\" data-e-type=\"column\">\n\t\t\t<div class=\"elementor-widget-wrap elementor-element-populated\">\n\t\t\t\t\t\t<div class=\"elementor-element elementor-element-11760a8 elementor-widget elementor-widget-text-editor\" data-id=\"11760a8\" data-element_type=\"widget\" data-e-type=\"widget\" data-widget_type=\"text-editor.default\">\n\t\t\t\t<div class=\"elementor-widget-container\">\n\t\t\t\t\t\t\t\t\t<p>Wenzl ha strutturato molte soluzioni innovative per clienti di grandi e medie dimensioni attivi in settori industriali che richiedono elevati volumi di garanzie\/fideiussioni. Allo stesso tempo, realizziamo soluzioni superando situazioni difficili determinate da diversi eventi, come eventi di fusione e acquisizione, crescita esponenziale delle imprese e difficolt\u00e0 economiche temporanee.<\/p><p>Con decenni di esperienza bancaria internazionale, Manuel L\u00f3pez e Ricardo Qu\u00edlez consentono alla nostra societ\u00e0 di superare il divario tra il settore assicurativo e quello bancario per offrire soluzioni uniche a beneficio dei nostri clienti. Questa aspetto \u00e8 sempre pi\u00f9 rilevante in quanto i vincoli normativi, in netto aumento, per le banche riducono significativamente la loro propensione al rischio, costringendole ad aumentare in modo sostanziale i prezzi o ad declinare la transazione.<\/p><p class=\"translation-block\">Siamo membri della <a href=\"https:\/\/www.lma.eu.com\" target=\"_self\">Loan Market Association<\/a>, che copre il mercato globale della sindacazione, e <a href=\"https:\/\/itfa.org\" target=\"_self\">dell'ITFA<\/a>, il suo equivalente per il commercio estero.<\/p>\t\t\t\t\t\t\t\t<\/div>\n\t\t\t\t<\/div>\n\t\t\t\t<div class=\"elementor-element elementor-element-cc7ab32 elementor-position-left elementor-vertical-align-top elementor-widget elementor-widget-image-box\" data-id=\"cc7ab32\" data-element_type=\"widget\" data-e-type=\"widget\" data-widget_type=\"image-box.default\">\n\t\t\t\t<div class=\"elementor-widget-container\">\n\t\t\t\t\t<div class=\"elementor-image-box-wrapper\"><figure class=\"elementor-image-box-img\"><img fetchpriority=\"high\" decoding=\"async\" width=\"600\" height=\"600\" src=\"https:\/\/wenzl-assekuranz.com\/site\/wp-content\/uploads\/jens-schroeder.jpg\" class=\"attachment-full size-full wp-image-647\" alt=\"Jens Schroeder\" srcset=\"https:\/\/wenzl-assekuranz.com\/site\/wp-content\/uploads\/jens-schroeder.jpg 600w, https:\/\/wenzl-assekuranz.com\/site\/wp-content\/uploads\/jens-schroeder-300x300.jpg 300w, https:\/\/wenzl-assekuranz.com\/site\/wp-content\/uploads\/jens-schroeder-150x150.jpg 150w, https:\/\/wenzl-assekuranz.com\/site\/wp-content\/uploads\/jens-schroeder-12x12.jpg 12w\" sizes=\"(max-width: 600px) 100vw, 600px\" \/><\/figure><div class=\"elementor-image-box-content\"><h4 class=\"elementor-image-box-title\">Jens Schr\u00f6der<\/h4><p class=\"elementor-image-box-description\">Prima di iniziare a lavorare per Wenzl nel 1999 Jens, si \u00e8 laureato in Diritto Finanziario e del Diritto del Lavoro ed \u00e8 anche consulente fiscale di formazione. Da allora ha strutturato molte importanti operazioni di fideiussione e garanzia di rilievo ed ha creato e sviluppato relazioni con i client importanti.  Jens Schr\u00f6der ha assistito i clienti durante tutto il ciclo economico e commerciale, ottenendo il necessario supporto degli assicuratori di fideiussioni e delle banche. Di conseguenza, si \u00e8 guadagnato un'ottima reputazione nel mercato europeo delle fideiussioni.<\/p><\/div><\/div>\t\t\t\t<\/div>\n\t\t\t\t<\/div>\n\t\t\t\t<div class=\"elementor-element elementor-element-e07e9ea elementor-position-left elementor-vertical-align-top elementor-widget elementor-widget-image-box\" data-id=\"e07e9ea\" data-element_type=\"widget\" data-e-type=\"widget\" data-widget_type=\"image-box.default\">\n\t\t\t\t<div class=\"elementor-widget-container\">\n\t\t\t\t\t<div class=\"elementor-image-box-wrapper\"><figure class=\"elementor-image-box-img\"><img decoding=\"async\" width=\"600\" height=\"600\" src=\"https:\/\/wenzl-assekuranz.com\/site\/wp-content\/uploads\/manuel-lopez.jpg\" class=\"attachment-full size-full wp-image-648\" alt=\"\" srcset=\"https:\/\/wenzl-assekuranz.com\/site\/wp-content\/uploads\/manuel-lopez.jpg 600w, https:\/\/wenzl-assekuranz.com\/site\/wp-content\/uploads\/manuel-lopez-300x300.jpg 300w, https:\/\/wenzl-assekuranz.com\/site\/wp-content\/uploads\/manuel-lopez-150x150.jpg 150w, https:\/\/wenzl-assekuranz.com\/site\/wp-content\/uploads\/manuel-lopez-12x12.jpg 12w\" sizes=\"(max-width: 600px) 100vw, 600px\" \/><\/figure><div class=\"elementor-image-box-content\"><h4 class=\"elementor-image-box-title\">Manuel Lopez<\/h4><p class=\"elementor-image-box-description\">Manuel L\u00f3pez \u00e8 entrato a far parte di Wenzl come Partner nel novembre 2021 e guida la nostra espansione internazionale mettendo a frutto la sua esperienza decennale, specifica ottenuta nei mercati internazionali bancari ed assicurativi. Manuel \u00e8 spesso relatore presso associazioni di settore come ICISA, ITFA, LMA e IACPM, coprendo temi come nuove  applicazioni delle fideiussioni assicurative e trasferimento di rischio in ottemperanza delle normative bancarie. Grazie al su background multiculturale e alle precedenti esperienze lavorative, parla spagnolo, tedesco, italiano ed inglese.<\/p><\/div><\/div>\t\t\t\t<\/div>\n\t\t\t\t<\/div>\n\t\t\t\t<div class=\"elementor-element elementor-element-ebfba77 elementor-position-left elementor-vertical-align-top elementor-widget elementor-widget-image-box\" data-id=\"ebfba77\" data-element_type=\"widget\" data-e-type=\"widget\" data-widget_type=\"image-box.default\">\n\t\t\t\t<div class=\"elementor-widget-container\">\n\t\t\t\t\t<div class=\"elementor-image-box-wrapper\"><figure class=\"elementor-image-box-img\"><img decoding=\"async\" width=\"800\" height=\"800\" src=\"https:\/\/wenzl-assekuranz.com\/site\/wp-content\/uploads\/ricardo_quilez.webp\" class=\"attachment-full size-full wp-image-702\" alt=\"Ricardo Qu\u00edlez\" srcset=\"https:\/\/wenzl-assekuranz.com\/site\/wp-content\/uploads\/ricardo_quilez.webp 800w, https:\/\/wenzl-assekuranz.com\/site\/wp-content\/uploads\/ricardo_quilez-300x300.webp 300w, https:\/\/wenzl-assekuranz.com\/site\/wp-content\/uploads\/ricardo_quilez-150x150.webp 150w, https:\/\/wenzl-assekuranz.com\/site\/wp-content\/uploads\/ricardo_quilez-768x768.webp 768w, https:\/\/wenzl-assekuranz.com\/site\/wp-content\/uploads\/ricardo_quilez-12x12.webp 12w\" sizes=\"(max-width: 800px) 100vw, 800px\" \/><\/figure><div class=\"elementor-image-box-content\"><h4 class=\"elementor-image-box-title\">Ricardo Qu\u00edlez<\/h4><p class=\"elementor-image-box-description\">Ricardo Qu\u00edlez ha lavorato per decenni nel settore dei servizi finanziari in Spagna, diventando uno specialista in soluzioni di fideiussioni assicurative e garanzie bancarie. In precedenza ha contribuito significativamente nella creazione di molte soluzioni innovative, sfruttando la sua profonda conoscenza delle esigenze dei clienti, il suo network esteso e la sua ottima reputazione sul mercato. Inoltre, la sua esperienza tecnica nella distribuzione del rischio a livello regionale coprendo diverse classi di assets, sottolinea ulteriormente la sua professionalit\u00e0.<\/p><\/div><\/div>\t\t\t\t<\/div>\n\t\t\t\t<\/div>\n\t\t\t\t<div class=\"elementor-element elementor-element-8c302b6 elementor-position-left elementor-vertical-align-top elementor-widget elementor-widget-image-box\" data-id=\"8c302b6\" data-element_type=\"widget\" data-e-type=\"widget\" data-widget_type=\"image-box.default\">\n\t\t\t\t<div class=\"elementor-widget-container\">\n\t\t\t\t\t<div class=\"elementor-image-box-wrapper\"><figure class=\"elementor-image-box-img\"><img loading=\"lazy\" decoding=\"async\" width=\"600\" height=\"600\" src=\"https:\/\/wenzl-assekuranz.com\/site\/wp-content\/uploads\/domenico.webp\" class=\"attachment-full size-full wp-image-793\" alt=\"Domenico Esposito\" srcset=\"https:\/\/wenzl-assekuranz.com\/site\/wp-content\/uploads\/domenico.webp 600w, https:\/\/wenzl-assekuranz.com\/site\/wp-content\/uploads\/domenico-300x300.webp 300w, https:\/\/wenzl-assekuranz.com\/site\/wp-content\/uploads\/domenico-150x150.webp 150w, https:\/\/wenzl-assekuranz.com\/site\/wp-content\/uploads\/domenico-12x12.webp 12w\" sizes=\"(max-width: 600px) 100vw, 600px\" \/><\/figure><div class=\"elementor-image-box-content\"><h4 class=\"elementor-image-box-title\">Domenico Esposito<\/h4><p class=\"elementor-image-box-description\">Domenico \u00e8 un Ingegnere Civile abilitato, con un Master in Finanza, ed un esperto di (ri)assicurazione, con Diploma in Insurance presso il Chartered Insurance Institute di Londra (UK). Vanta 15 anni di esperienza internazionale in Credito all\u2019Esportazione, sottoscrizione di business Surety Bonds\/Cauzioni, brokeraggio e gestione di MGA. Durante questo periodo, ha vissuto e lavorato in diversi paesi in Europa e Medio Oriente, strutturando complesse operazioni internazionali oltre ad implementare nuovi dipartimenti e formare nuovi teams in diverse aziende. Domenico \u00e8 responsabile delle attivit\u00e0 di Wenzl in Italia.<\/p><\/div><\/div>\t\t\t\t<\/div>\n\t\t\t\t<\/div>\n\t\t\t\t\t<\/div>\n\t\t<\/div>\n\t\t\t\t\t<\/div>\n\t\t<\/section>\n\t\t\t\t<\/div>","protected":false},"excerpt":{"rendered":"<div class=\"byline\">Uniamo decenni di esperienza internazionale nel settore dei servizi finanziari, competenze tecniche uniche e una vasta rete globale.<\/p>","protected":false},"author":2,"featured_media":0,"parent":0,"menu_order":0,"comment_status":"closed","ping_status":"closed","template":"elementor_header_footer","meta":{"_genesis_hide_title":false,"_genesis_hide_breadcrumbs":false,"_genesis_hide_singular_image":false,"_genesis_hide_footer_widgets":false,"_genesis_custom_body_class":"","_genesis_custom_post_class":"","_genesis_layout":"","footnotes":""},"class_list":{"0":"post-13","1":"page","2":"type-page","3":"status-publish","5":"entry"},"_links":{"self":[{"href":"https:\/\/wenzl-assekuranz.com\/it\/wp-json\/wp\/v2\/pages\/13"}],"collection":[{"href":"https:\/\/wenzl-assekuranz.com\/it\/wp-json\/wp\/v2\/pages"}],"about":[{"href":"https:\/\/wenzl-assekuranz.com\/it\/wp-json\/wp\/v2\/types\/page"}],"author":[{"embeddable":true,"href":"https:\/\/wenzl-assekuranz.com\/it\/wp-json\/wp\/v2\/users\/2"}],"replies":[{"embeddable":true,"href":"https:\/\/wenzl-assekuranz.com\/it\/wp-json\/wp\/v2\/comments?post=13"}],"version-history":[{"count":174,"href":"https:\/\/wenzl-assekuranz.com\/it\/wp-json\/wp\/v2\/pages\/13\/revisions"}],"predecessor-version":[{"id":877,"href":"https:\/\/wenzl-assekuranz.com\/it\/wp-json\/wp\/v2\/pages\/13\/revisions\/877"}],"wp:attachment":[{"href":"https:\/\/wenzl-assekuranz.com\/it\/wp-json\/wp\/v2\/media?parent=13"}],"curies":[{"name":"wp","href":"https:\/\/api.w.org\/{rel}","templated":true}]}}