{"id":7,"date":"2017-09-13T17:09:09","date_gmt":"2017-09-13T15:09:09","guid":{"rendered":"http:\/\/wenzl-assekuranz.com\/site\/?page_id=7"},"modified":"2023-01-18T11:42:30","modified_gmt":"2023-01-18T10:42:30","slug":"keep-word-competitors","status":"publish","type":"page","link":"https:\/\/wenzl-assekuranz.com\/es\/","title":{"rendered":"Otros prometen, nosotros cumplimos"},"content":{"rendered":"<div data-elementor-type=\"wp-page\" data-elementor-id=\"7\" class=\"elementor elementor-7\" data-elementor-post-type=\"page\">\n\t\t\t\t\t\t<section class=\"elementor-section elementor-top-section elementor-element elementor-element-jce7k32 elementor-section-stretched elementor-section-height-min-height elementor-section-boxed elementor-section-height-default elementor-section-items-middle\" data-id=\"jce7k32\" data-element_type=\"section\" data-e-type=\"section\" data-settings=\"{&quot;stretch_section&quot;:&quot;section-stretched&quot;,&quot;background_background&quot;:&quot;classic&quot;}\">\n\t\t\t\t\t\t<div class=\"elementor-container elementor-column-gap-default\">\n\t\t\t\t\t<div class=\"elementor-column elementor-col-33 elementor-top-column elementor-element elementor-element-umhxfep\" data-id=\"umhxfep\" data-element_type=\"column\" data-e-type=\"column\">\n\t\t\t<div class=\"elementor-widget-wrap elementor-element-populated\">\n\t\t\t\t\t\t<div class=\"elementor-element elementor-element-51cm968 elementor-headline--style-highlight elementor-widget elementor-widget-animated-headline\" data-id=\"51cm968\" data-element_type=\"widget\" data-e-type=\"widget\" data-settings=\"{&quot;marker&quot;:&quot;underline_zigzag&quot;,&quot;highlighted_text&quot;:&quot;what we do.&quot;,&quot;headline_style&quot;:&quot;highlight&quot;,&quot;loop&quot;:&quot;yes&quot;,&quot;highlight_animation_duration&quot;:1200,&quot;highlight_iteration_delay&quot;:8000}\" data-widget_type=\"animated-headline.default\">\n\t\t\t\t<div class=\"elementor-widget-container\">\n\t\t\t\t\t\t\t<h3 class=\"elementor-headline\">\n\t\t\t\t\t<span class=\"elementor-headline-plain-text elementor-headline-text-wrapper\">Qui\u00e9nes somos y<\/span>\n\t\t\t\t<span class=\"elementor-headline-dynamic-wrapper elementor-headline-text-wrapper\">\n\t\t\t\t\t<span class=\"elementor-headline-dynamic-text elementor-headline-text-active\">qu\u00e9 hacemos.<\/span>\n\t\t\t\t<\/span>\n\t\t\t\t<\/h3>\n\t\t\t\t\t\t<\/div>\n\t\t\t\t<\/div>\n\t\t\t\t\t<\/div>\n\t\t<\/div>\n\t\t\t\t<div class=\"elementor-column elementor-col-66 elementor-top-column elementor-element elementor-element-0j4m4lm\" data-id=\"0j4m4lm\" data-element_type=\"column\" data-e-type=\"column\">\n\t\t\t<div class=\"elementor-widget-wrap elementor-element-populated\">\n\t\t\t\t\t\t<div class=\"elementor-element elementor-element-j5u0899 elementor-widget elementor-widget-text-editor\" data-id=\"j5u0899\" data-element_type=\"widget\" data-e-type=\"widget\" data-widget_type=\"text-editor.default\">\n\t\t\t\t<div class=\"elementor-widget-container\">\n\t\t\t\t\t\t\t\t\t<p><strong>Wenzl Assekuranz es una compa\u00f1\u00eda de intermediaci\u00f3n y consultor\u00eda especializada en avales, que presta servicios a clientes corporativos, bancarios y aseguradoras. Fundada en 1992, ofrecemos soluciones para todo lo relativo a avales bancarios y garant\u00edas emitidas por aseguradoras, as\u00ed como servicios de consultor\u00eda en todo el mundo.\u00a0<\/strong><\/p><p>Las soluciones que aportamos se obtienen tras un an\u00e1lisis en profundidad tanto de las necesidades y la situaci\u00f3n financiera de nuestros clientes, como de sus objetivos empresariales actuales y futuros. Este an\u00e1lisis se convierte en una parte integral del proceso de decisi\u00f3n de suscripci\u00f3n\/an\u00e1lisis de riesgos de nuestras aseguradoras y socios bancarios.<\/p><p>Aportamos sofisticados instrumentos de sindicaci\u00f3n y distribuci\u00f3n de riesgos con procedimientos bien establecidos y documentaci\u00f3n legal conforme a la normativa vigente, en beneficio de nuestros socios corporativos, aseguradores y bancarios. Estos procedimientos mejoran la eficiencia, el coste, ampl\u00edan el acceso a nivel global y aumentan la disponibilidad de l\u00edneas de garant\u00edas\/avales bancarios.<br \/>Mediante acuerdos de cooperaci\u00f3n de larga duraci\u00f3n con otros intermediarios, somos capaces de ofrecer soluciones globales a nivel local.<\/p>\t\t\t\t\t\t\t\t<\/div>\n\t\t\t\t<\/div>\n\t\t\t\t\t<\/div>\n\t\t<\/div>\n\t\t\t\t\t<\/div>\n\t\t<\/section>\n\t\t\t\t<section class=\"elementor-section elementor-top-section elementor-element elementor-element-635413d elementor-section-stretched elementor-section-height-min-height elementor-section-boxed elementor-section-height-default elementor-section-items-middle\" data-id=\"635413d\" data-element_type=\"section\" data-e-type=\"section\" data-settings=\"{&quot;stretch_section&quot;:&quot;section-stretched&quot;,&quot;background_background&quot;:&quot;classic&quot;}\">\n\t\t\t\t\t\t<div class=\"elementor-container elementor-column-gap-default\">\n\t\t\t\t\t<div class=\"elementor-column elementor-col-33 elementor-top-column elementor-element elementor-element-1e138b4\" data-id=\"1e138b4\" data-element_type=\"column\" data-e-type=\"column\">\n\t\t\t<div class=\"elementor-widget-wrap elementor-element-populated\">\n\t\t\t\t\t\t<div class=\"elementor-element elementor-element-5677bcc elementor-widget elementor-widget-heading\" data-id=\"5677bcc\" data-element_type=\"widget\" data-e-type=\"widget\" data-widget_type=\"heading.default\">\n\t\t\t\t<div class=\"elementor-widget-container\">\n\t\t\t\t\t<h2 class=\"elementor-heading-title elementor-size-default\">Clientes<\/h2>\t\t\t\t<\/div>\n\t\t\t\t<\/div>\n\t\t\t\t\t<\/div>\n\t\t<\/div>\n\t\t\t\t<div class=\"elementor-column elementor-col-66 elementor-top-column elementor-element elementor-element-103c802\" data-id=\"103c802\" data-element_type=\"column\" data-e-type=\"column\">\n\t\t\t<div class=\"elementor-widget-wrap elementor-element-populated\">\n\t\t\t\t\t\t<div class=\"elementor-element elementor-element-c487ef5 elementor-widget elementor-widget-text-editor\" data-id=\"c487ef5\" data-element_type=\"widget\" data-e-type=\"widget\" data-widget_type=\"text-editor.default\">\n\t\t\t\t<div class=\"elementor-widget-container\">\n\t\t\t\t\t\t\t\t\t<p>Nuestra diversificada cartera de clientes incluye grandes empresas cotizadas y no cotizadas del sector de la Construcci\u00f3n, Fabricaci\u00f3n, Transporte Mar\u00edtimo, Ingenier\u00eda y Energ\u00edas Renovables, con vinculos que se remontan a d\u00e9cadas atr\u00e1s. Muchas de estas empresas est\u00e1n presentes en m\u00e1s de 75 pa\u00edses de los seis continentes. \u00a0<\/p>\n<p>Somos capaces de cubrir todo el ciclo de vida de los proyectos de Energ\u00eda Renovable, que tienen obligatoriedad contractual de presentar garant\u00edas\/fianzas en las distintas fases de los proyectos, como la concesi\u00f3n, la construcci\u00f3n, la financiaci\u00f3n y las obligaciones de desmantelamiento a largo plazo.<\/p>\t\t\t\t\t\t\t\t<\/div>\n\t\t\t\t<\/div>\n\t\t\t\t<div class=\"elementor-element elementor-element-tw7ar02 elementor-widget elementor-widget-menu-anchor\" data-id=\"tw7ar02\" data-element_type=\"widget\" data-e-type=\"widget\" data-widget_type=\"menu-anchor.default\">\n\t\t\t\t<div class=\"elementor-widget-container\">\n\t\t\t\t\t\t\t<div class=\"elementor-menu-anchor\" id=\"getintouch\"><\/div>\n\t\t\t\t\t\t<\/div>\n\t\t\t\t<\/div>\n\t\t\t\t\t<\/div>\n\t\t<\/div>\n\t\t\t\t\t<\/div>\n\t\t<\/section>\n\t\t\t\t<section class=\"elementor-section elementor-top-section elementor-element elementor-element-a405158 elementor-section-stretched elementor-section-height-min-height elementor-section-content-middle elementor-section-boxed elementor-section-height-default elementor-section-items-middle\" data-id=\"a405158\" data-element_type=\"section\" data-e-type=\"section\" data-settings=\"{&quot;stretch_section&quot;:&quot;section-stretched&quot;,&quot;background_background&quot;:&quot;classic&quot;,&quot;shape_divider_top&quot;:&quot;arrow&quot;}\">\n\t\t\t\t\t<div class=\"elementor-shape elementor-shape-top\" aria-hidden=\"true\" data-negative=\"false\">\n\t\t\t<svg xmlns=\"http:\/\/www.w3.org\/2000\/svg\" viewbox=\"0 0 700 10\" preserveaspectratio=\"none\">\n\t<path class=\"elementor-shape-fill\" d=\"M350,10L340,0h20L350,10z\"\/>\n<\/svg>\t\t<\/div>\n\t\t\t\t\t<div class=\"elementor-container elementor-column-gap-default\">\n\t\t\t\t\t<div class=\"elementor-column elementor-col-100 elementor-top-column elementor-element elementor-element-34b70dc\" data-id=\"34b70dc\" data-element_type=\"column\" data-e-type=\"column\">\n\t\t\t<div class=\"elementor-widget-wrap elementor-element-populated\">\n\t\t\t\t\t\t<div class=\"elementor-element elementor-element-781eca4 elementor-headline--style-rotate elementor-widget elementor-widget-animated-headline\" data-id=\"781eca4\" data-element_type=\"widget\" data-e-type=\"widget\" data-settings=\"{&quot;headline_style&quot;:&quot;rotate&quot;,&quot;animation_type&quot;:&quot;slide-down&quot;,&quot;rotating_text&quot;:&quot;1992\\n2017\\n2023&quot;,&quot;loop&quot;:&quot;yes&quot;,&quot;rotate_iteration_delay&quot;:2500}\" data-widget_type=\"animated-headline.default\">\n\t\t\t\t<div class=\"elementor-widget-container\">\n\t\t\t\t\t\t\t<h6 class=\"elementor-headline elementor-headline-animation-type-slide-down\">\n\t\t\t\t\t<span class=\"elementor-headline-plain-text elementor-headline-text-wrapper\">30 a\u00f1os Wenzl Assekuranz<br \/><\/span>\n\t\t\t\t<span class=\"elementor-headline-dynamic-wrapper elementor-headline-text-wrapper\">\n\t\t\t\t\t<span class=\"elementor-headline-dynamic-text elementor-headline-text-active\">\n\t\t\t\t1992\t\t\t<\/span>\n\t\t\t\t\t<span class=\"elementor-headline-dynamic-text\">\n\t\t\t\t2017\t\t\t<\/span>\n\t\t\t\t\t<span class=\"elementor-headline-dynamic-text\">\n\t\t\t\t2023\t\t\t<\/span>\n\t\t\t\t\t\t<\/span>\n\t\t\t\t<\/h6>\n\t\t\t\t\t\t<\/div>\n\t\t\t\t<\/div>\n\t\t\t\t\t<\/div>\n\t\t<\/div>\n\t\t\t\t\t<\/div>\n\t\t<\/section>\n\t\t\t\t<\/div>","protected":false},"excerpt":{"rendered":"<div class=\"byline\">Minimizamos la distancia entre los seguros de cauci\u00f3n y los avales bancarios - Especialistas en combinar las ventajas de las garant\u00edas bancarias y los seguros de cauci\u00f3n para crear soluciones a la medida de nuestros clientes.<\/p>\n<div class=\"byline\"><a href=\"#getintouch\" class=\"button\">Ponerse en contacto<\/a><\/p>","protected":false},"author":2,"featured_media":65,"parent":0,"menu_order":0,"comment_status":"closed","ping_status":"closed","template":"","meta":{"_genesis_hide_title":false,"_genesis_hide_breadcrumbs":false,"_genesis_hide_singular_image":false,"_genesis_hide_footer_widgets":false,"_genesis_custom_body_class":"","_genesis_custom_post_class":"","_genesis_layout":"full-width-content","footnotes":""},"class_list":{"0":"post-7","1":"page","2":"type-page","3":"status-publish","4":"has-post-thumbnail","6":"entry"},"_links":{"self":[{"href":"https:\/\/wenzl-assekuranz.com\/es\/wp-json\/wp\/v2\/pages\/7"}],"collection":[{"href":"https:\/\/wenzl-assekuranz.com\/es\/wp-json\/wp\/v2\/pages"}],"about":[{"href":"https:\/\/wenzl-assekuranz.com\/es\/wp-json\/wp\/v2\/types\/page"}],"author":[{"embeddable":true,"href":"https:\/\/wenzl-assekuranz.com\/es\/wp-json\/wp\/v2\/users\/2"}],"replies":[{"embeddable":true,"href":"https:\/\/wenzl-assekuranz.com\/es\/wp-json\/wp\/v2\/comments?post=7"}],"version-history":[{"count":189,"href":"https:\/\/wenzl-assekuranz.com\/es\/wp-json\/wp\/v2\/pages\/7\/revisions"}],"predecessor-version":[{"id":788,"href":"https:\/\/wenzl-assekuranz.com\/es\/wp-json\/wp\/v2\/pages\/7\/revisions\/788"}],"wp:featuredmedia":[{"embeddable":true,"href":"https:\/\/wenzl-assekuranz.com\/es\/wp-json\/wp\/v2\/media\/65"}],"wp:attachment":[{"href":"https:\/\/wenzl-assekuranz.com\/es\/wp-json\/wp\/v2\/media?parent=7"}],"curies":[{"name":"wp","href":"https:\/\/api.w.org\/{rel}","templated":true}]}}