{"id":19,"date":"2017-09-13T17:19:20","date_gmt":"2017-09-13T15:19:20","guid":{"rendered":"http:\/\/wenzl-assekuranz.com\/site\/?page_id=19"},"modified":"2018-05-25T08:07:38","modified_gmt":"2018-05-25T06:07:38","slug":"privacy-policy","status":"publish","type":"page","link":"https:\/\/wenzl-assekuranz.com\/es\/politica-de-privacidad\/","title":{"rendered":"Pol\u00edtica de privacidad"},"content":{"rendered":"<h4>1. Nombre y datos de contacto del responsable del tratamiento y del delegado de protecci\u00f3n de datos de la empresa<\/h4>\n<p>Esta pol\u00edtica de privacidad se aplica al procesamiento de datos por:<br \/>\nResponsable:<\/p>\n<p>Wenzl Assekuranzmakler GmbH (en lo siguiente: &quot;Wenzl&quot;),<br \/>\nWurzerstra\u00dfe 17 en 80539 M\u00fanich<br \/>\nTel\u00e9fono: +49 (0) 89 767576-0<br \/>\nFax: +49 (0) 89 767576-10<br \/>\nCorreo electr\u00f3nico: buero@wenzl-assekuranz.de<\/p>\n<p>Wenzl renuncia a la orden de un oficial de protecci\u00f3n de datos de acuerdo con \u00a7 38 BDSG (Ley Federal de Protecci\u00f3n de Datos).<\/p>\n<h4>2. Recopilaci\u00f3n y almacenamiento de datos personales<\/h4>\n<p>Recopilaci\u00f3n y almacenamiento de datos personales, as\u00ed como la naturaleza y el prop\u00f3sito de su uso.<\/p>\n<p><strong>Al visitar el sitio web<\/strong><br \/>\nCuando visita nuestro sitio web www.wenzl-care.com, el navegador utilizado en su dispositivo env\u00eda informaci\u00f3n autom\u00e1ticamente al servidor de nuestro sitio web. Esta informaci\u00f3n se almacena temporalmente en un archivo de registro. La siguiente informaci\u00f3n se recopilar\u00e1 sin su intervenci\u00f3n y se almacenar\u00e1 hasta que se elimine autom\u00e1ticamente:<\/p>\n<ul>\n<li>Direcci\u00f3n IP de la computadora solicitante,<\/li>\n<li>fecha y hora de acceso,<\/li>\n<li>nombre y URL del archivo recuperado,<\/li>\n<li>Sitio web desde el que se realiza el acceso (URL de referencia),<\/li>\n<li>el navegador utilizado y, en su caso, el sistema operativo de su ordenador, as\u00ed como el nombre de su<\/li>\n<li>proveedor de acceso.<\/li>\n<\/ul>\n<p>Los datos mencionados son tratados por nosotros para los siguientes fines:<\/p>\n<ul>\n<li>garantizar una conexi\u00f3n fluida del sitio web,<\/li>\n<li>garantizar un uso c\u00f3modo de nuestro sitio web,<\/li>\n<li>Evaluaci\u00f3n de la seguridad y estabilidad del sistema tambi\u00e9n<\/li>\n<li>para otros fines administrativos.<\/li>\n<\/ul>\n<p>La base legal para el procesamiento de datos es el art. 6 p\u00e1rr. 1 p. 1 encendido. f DSGVO. Nuestro inter\u00e9s leg\u00edtimo se deriva de los fines de recopilaci\u00f3n de datos enumerados anteriormente. En ning\u00fan caso utilizamos los datos recopilados con el fin de sacar conclusiones sobre usted.<\/p>\n<p>Adem\u00e1s, utilizamos cookies y servicios de an\u00e1lisis cuando visitamos nuestro sitio web. Se pueden encontrar m\u00e1s detalles en el n\u00fam. 4 y 5 de esta pol\u00edtica de privacidad.<\/p>\n<h4>3. Divulgaci\u00f3n de datos<\/h4>\n<p>No se realiza una transferencia de sus datos personales a terceros para fines distintos a los que se enumeran a continuaci\u00f3n.<br \/>\nSolo compartimos su informaci\u00f3n personal con terceros si:<\/p>\n<ul>\n<li>Eres tuyo seg\u00fan el art. 6 p\u00e1rr. 1 oraci\u00f3n 1 lit. un DSGVO ha dado su consentimiento expreso a este<\/li>\n<li>divulgaci\u00f3n de conformidad con el art. 6 p\u00e1rr. 1 oraci\u00f3n 1 lit. f DSGVO est\u00e1 obligado a hacer valer, ejercer o defender reclamaciones legales y no hay raz\u00f3n para suponer que usted tiene un inter\u00e9s predominantemente leg\u00edtimo en no divulgar sus datos,<\/li>\n<li>en el caso de que la divulgaci\u00f3n de conformidad con el art. 6 p\u00e1rr. 1 oraci\u00f3n 1 lit. c DSGVO es una obligaci\u00f3n legal, tambi\u00e9n<\/li>\n<li>esto es legalmente permitido y de acuerdo con el art. 6 p\u00e1rr. 1 oraci\u00f3n 1 lit. b Se requiere DSGVO para la resoluci\u00f3n de relaciones contractuales con usted.<\/li>\n<\/ul>\n<h4>4. Cookies<\/h4>\n<p>Usamos cookies en nuestro sitio. Estos son peque\u00f1os archivos que su navegador crea autom\u00e1ticamente y que se almacenan en su dispositivo (computadora port\u00e1til, tableta, tel\u00e9fono inteligente, etc.) cuando visita nuestro sitio. Las cookies no da\u00f1an su dispositivo, no contienen virus, troyanos u otro software malicioso.<\/p>\n<p>En la cookie se almacena informaci\u00f3n, cada una de las cuales est\u00e1 relacionada con el terminal espec\u00edfico utilizado. Sin embargo, esto no significa que tengamos conocimiento inmediato de su identidad.<\/p>\n<p>Por un lado, el uso de cookies sirve para que el uso de nuestra oferta le resulte m\u00e1s agradable. Por ejemplo, utilizamos las llamadas cookies de sesi\u00f3n para reconocer que ya ha visitado p\u00e1ginas individuales en nuestro sitio web. Estos se eliminan autom\u00e1ticamente despu\u00e9s de salir de nuestra p\u00e1gina.<\/p>\n<p>Adem\u00e1s, para mejorar la usabilidad, tambi\u00e9n utilizamos cookies temporales que se almacenan en su dispositivo durante un per\u00edodo de tiempo espec\u00edfico. Si visita nuestro sitio nuevamente para aprovechar nuestros servicios, reconocer\u00e1 autom\u00e1ticamente que ya estuvo con nosotros y las entradas y configuraciones que realiz\u00f3, para que no tenga que volver a ingresarlas.<\/p>\n<p>Por otro lado, utilizamos cookies para registrar estad\u00edsticamente el uso de nuestro sitio web y evaluarlo con el fin de optimizar nuestra oferta (consulte la Secci\u00f3n 5). Estas cookies nos permiten reconocer autom\u00e1ticamente cuando vuelve a visitar nuestro sitio que ya ha estado con nosotros. Estas cookies se eliminan autom\u00e1ticamente despu\u00e9s de un tiempo definido.<\/p>\n<p>Los datos procesados por las cookies son para los fines mencionados con el fin de salvaguardar nuestros intereses leg\u00edtimos as\u00ed como los de terceros de acuerdo con el Art. 6 p\u00e1rr. 1 oraci\u00f3n 1 lit. f Se requiere DSGVO.<\/p>\n<p>La mayor\u00eda de los navegadores aceptan cookies de forma autom\u00e1tica. Sin embargo, puede configurar su navegador para que no se almacenen cookies en su computadora o siempre aparezca una pista antes de que se cree una nueva cookie. Sin embargo, deshabilitar las cookies por completo puede significar que no pueda utilizar todas las funciones de nuestro sitio web.<\/p>\n<h4>5. Herramientas de an\u00e1lisis<\/h4>\n<p><strong>Herramientas de seguimiento<\/strong><br \/>\nLas medidas de seguimiento que se enumeran a continuaci\u00f3n y que utilizamos se basan en el art. 6 p\u00e1rr. 1 oraci\u00f3n 1 lit. f DSGVO. Con las medidas de seguimiento que se utilizar\u00e1n, queremos asegurar un dise\u00f1o basado en las necesidades y la optimizaci\u00f3n continua de nuestro sitio web. Por otro lado, utilizamos las medidas de seguimiento para registrar estad\u00edsticamente el uso de nuestro sitio web y evaluarlo con el fin de optimizar nuestra oferta para usted. Estos intereses deben considerarse justificados en el sentido de la disposici\u00f3n antes mencionada.<\/p>\n<p>Los respectivos prop\u00f3sitos de procesamiento de datos y categor\u00edas de datos se pueden encontrar en las herramientas de seguimiento correspondientes.<\/p>\n<p><strong>i) Google Analytics<\/strong><br \/>\nCon el fin de personalizar y optimizar continuamente nuestras p\u00e1ginas, utilizamos Google Analytics, un servicio de an\u00e1lisis web proporcionado por Google Inc. (https:\/\/www.google.com\/intl\/en\/about\/) (1600 Amphitheatre Parkway, Mountain View , CA 94043, EE. UU., En lo sucesivo &quot;Google&quot;). En este contexto, se crean perfiles de uso seudonimizados y se utilizan cookies (ver punto 4). La informaci\u00f3n generada por la cookie sobre su uso de este sitio web, como<\/p>\n<ul>\n<li>tipo \/ versi\u00f3n del navegador,<\/li>\n<li>sistema operativo usado,<\/li>\n<li>URL de referencia (la p\u00e1gina visitada anteriormente),<\/li>\n<li>nombre de host de la computadora que accede (direcci\u00f3n IP),<\/li>\n<li>\u00a0hora de la solicitud del servidor,<\/li>\n<\/ul>\n<p>se transmiten a un servidor de Google en los EE. UU. y se almacenan all\u00ed. La informaci\u00f3n se utiliza para evaluar el uso del sitio web, para compilar informes sobre la actividad del sitio web y para proporcionar otros servicios relacionados con la actividad del sitio web y el uso de Internet con fines de investigaci\u00f3n de mercado y dise\u00f1o de sitios web personalizados. Esta informaci\u00f3n tambi\u00e9n puede ser transferida a terceros si as\u00ed lo exige la ley o si terceros procesan estos datos en el pedido. En ning\u00fan caso su direcci\u00f3n IP se fusionar\u00e1 con cualquier otro dato proporcionado por Google. Las direcciones IP se anonimizan, por lo que no es posible una asignaci\u00f3n (enmascaramiento de IP).<\/p>\n<p>Puede evitar la instalaci\u00f3n de cookies configurando el software del navegador en consecuencia; sin embargo, se\u00f1alamos que, en este caso, no todas las funciones de este sitio web pueden explotarse por completo.<\/p>\n<p>Tambi\u00e9n puede evitar la recopilaci\u00f3n de datos generados por la cookie y relacionados con su uso del sitio web (incluida su direcci\u00f3n IP) y el procesamiento de estos datos por parte de Google descargando y <a href=\"https:\/\/\/es\/ \/\/tools.google.com\/dlpage\/gaoptout\/?hl=de\">instalar un complemento de navegador<\/a>.<\/p>\n<p>Como alternativa al complemento del navegador, especialmente para navegadores en dispositivos m\u00f3viles, puede evitar la recopilaci\u00f3n por parte de Google Analytics haciendo clic en este enlace. Se establecer\u00e1 una cookie de exclusi\u00f3n voluntaria que evitar\u00e1 la recopilaci\u00f3n futura de sus datos cuando visite este sitio web. La cookie de exclusi\u00f3n voluntaria solo es v\u00e1lida en este navegador y solo para nuestro sitio web y se almacena en su dispositivo. Si elimina las cookies en este navegador, debe configurar la cookie de exclusi\u00f3n voluntaria nuevamente.<\/p>\n<p>Para obtener m\u00e1s informaci\u00f3n sobre la privacidad relacionada con Google Analytics, consulte el Centro de ayuda de Google Analytics (<a href=\"https:\/\/support.google.com\/analytics\/answer\/6004245?hl=en\">https:\/\/support.google.com\/analytics\/answer\/6004245?hl=en<\/a>).<\/p>\n<h4>6. Complementos y herramientas<\/h4>\n<p><strong>Fuentes web de Google<\/strong><\/p>\n<p>Para una representaci\u00f3n uniforme de las fuentes, esta p\u00e1gina utiliza fuentes web proporcionadas por Google. Cuando abre una p\u00e1gina, su navegador carga las fuentes web requeridas en la memoria cach\u00e9 de su navegador para mostrar los textos y las fuentes correctamente.<\/p>\n<p>Para ello, su navegador debe establecer una conexi\u00f3n directa con los servidores de Google. De este modo, Google se da cuenta de que se accedi\u00f3 a nuestra p\u00e1gina web a trav\u00e9s de su direcci\u00f3n IP. El uso de las fuentes web de Google se realiza en aras de una presentaci\u00f3n uniforme y atractiva de nuestro sitio web. Esto constituye un inter\u00e9s justificado de conformidad con el art. 6 (1) (f) del RGPD.<\/p>\n<p>Si su navegador no admite fuentes web, su computadora utiliza una fuente est\u00e1ndar.<\/p>\n<p>Puede encontrar m\u00e1s informaci\u00f3n sobre el manejo de los datos del usuario en https:\/\/developers.google.com\/fonts\/faq y en la pol\u00edtica de privacidad de Google en <a href=\"https:\/\/www.google.com\/policies\/privacy\/\">https:\/\/www.google.com\/policies\/privacy\/<\/a>.<\/p>\n<h4>7. Derechos afectados<\/h4>\n<p>Tienes el derecho:<\/p>\n<ul>\n<li>\u00a0de acuerdo con el Art. 15 DSGVO, para solicitar informaci\u00f3n sobre sus datos personales procesados por nosotros. En particular, puede proporcionar informaci\u00f3n sobre los fines del procesamiento, la categor\u00eda de datos personales, las categor\u00edas de destinatarios a los que se han comunicado sus datos, el per\u00edodo de retenci\u00f3n previsto, el derecho de rectificaci\u00f3n, supresi\u00f3n, limitaci\u00f3n del procesamiento u oposici\u00f3n, la existencia del derecho a presentar una queja, la fuente de sus datos, si no se recopilan de nosotros, y la existencia de una toma de decisiones automatizada, incluida la elaboraci\u00f3n de perfiles y, cuando corresponda, informaci\u00f3n significativa sobre sus detalles;<\/li>\n<li>de acuerdo con el Art. 16 DSGVO, exigir inmediatamente la correcci\u00f3n de los datos personales incorrectos o completos almacenados con nosotros;<\/li>\n<li>de acuerdo con el Art. 17 DSGVO, para exigir la eliminaci\u00f3n de sus datos personales almacenados por nosotros, a menos que el procesamiento para el ejercicio del derecho a la libertad de expresi\u00f3n e informaci\u00f3n, para el cumplimiento de una obligaci\u00f3n legal, por razones de inter\u00e9s p\u00fablico o para la afirmaci\u00f3n, ejercicio o se requiere la defensa de reclamos legales;<\/li>\n<li>para exigir la restricci\u00f3n del procesamiento de sus datos personales de acuerdo con el Art. 18 GDPR, en la medida en que usted impugne la exactitud de los datos, el procesamiento es ilegal, pero rechaza su eliminaci\u00f3n y ya no necesitamos los datos, pero usted afirma esto, Ejercicio o defensa de reclamos legales o se ha opuesto el procesamiento de acuerdo con el Art. 21 del RGPD;<\/li>\n<li>de acuerdo con el Art. 20 DSGVO, para recibir sus datos personales proporcionados en un formato estructurado, est\u00e1ndar y legible por m\u00e1quina o para solicitar su transmisi\u00f3n a otra persona responsable;<br \/>\nseg\u00fan Art. 7 p\u00e1rr. 3 DSGVO, para revocar su consentimiento una vez otorgado a nosotros en cualquier momento. Como resultado, no se nos permite continuar el procesamiento de datos basado en este consentimiento para el futuro y<br \/>\npara presentar una queja ante una autoridad supervisora de conformidad con el art. 77 DSGVO. Como regla general, puede comunicarse con la autoridad supervisora de su lugar de residencia o trabajo habitual o con nuestro Wenzlsitzes<\/li>\n<\/ul>\n<h4>8. Derecho de oposici\u00f3n<\/h4>\n<p>Si sus datos personales se basan en intereses leg\u00edtimos de acuerdo con el art. 6 p\u00e1rr. 1 oraci\u00f3n 1 lit. Si se procesan DSGVO, tiene derecho a presentar una objeci\u00f3n contra el procesamiento de sus datos personales de acuerdo con el Art. 21 DSGVO, siempre que existan razones para que esto surja de su situaci\u00f3n particular o la objeci\u00f3n se dirija contra el correo directo. En este \u00faltimo caso, tiene un derecho general de oposici\u00f3n, que implementamos sin especificar ninguna situaci\u00f3n en particular.<\/p>\n<p>Si desea ejercer su derecho de revocaci\u00f3n u objeci\u00f3n, env\u00ede un correo electr\u00f3nico a buero@wenzl-assekuranz.de.<\/p>\n<h4>9. Seguridad de los datos<\/h4>\n<p>Utilizamos el popular m\u00e9todo SSL (Secure Socket Layer) dentro de la visita al sitio, junto con el m\u00e1s alto nivel de cifrado compatible con su navegador. En general, se trata de un cifrado de 256 bits. Si su navegador no es compatible con el cifrado de 256 bits, usaremos tecnolog\u00eda v3 de 128 bits en su lugar. Si una sola p\u00e1gina de nuestro sitio web est\u00e1 encriptada se muestra mediante la representaci\u00f3n cerrada del icono de llave o candado en la barra de estado inferior de su navegador.<\/p>\n<p>Tambi\u00e9n tomamos las medidas de seguridad t\u00e9cnicas y organizativas adecuadas para proteger sus datos contra la manipulaci\u00f3n accidental o intencional, la p\u00e9rdida parcial o total, la destrucci\u00f3n o el acceso no autorizado por parte de terceros. Nuestras medidas de seguridad se mejoran continuamente en consonancia con los avances tecnol\u00f3gicos.<\/p>\n<h4>10. Actualizaci\u00f3n y cambio de esta pol\u00edtica de privacidad<\/h4>\n<p>Esta pol\u00edtica de privacidad es actualmente v\u00e1lida y es v\u00e1lida a partir de mayo de 2018.<br \/>\nComo resultado del mayor desarrollo de nuestro sitio web y las ofertas del mismo o debido a cambios en los requisitos legales u oficiales, puede ser necesario cambiar esta pol\u00edtica de privacidad. Usted puede ver e imprimir la pol\u00edtica de privacidad actual en cualquier momento en el sitio web en www.wenzl-assekuranz.com.<\/p>","protected":false},"excerpt":{"rendered":"<div class=\"byline\">Esta Pol\u00edtica de privacidad est\u00e1 destinada a ayudarlo a comprender qu\u00e9 datos recopilamos, por qu\u00e9 los recopilamos y qu\u00e9 hacemos con ellos.<\/p>","protected":false},"author":2,"featured_media":0,"parent":0,"menu_order":0,"comment_status":"closed","ping_status":"closed","template":"","meta":{"_genesis_hide_title":false,"_genesis_hide_breadcrumbs":false,"_genesis_hide_singular_image":false,"_genesis_hide_footer_widgets":false,"_genesis_custom_body_class":"","_genesis_custom_post_class":"","_genesis_layout":"","footnotes":""},"class_list":{"0":"post-19","1":"page","2":"type-page","3":"status-publish","5":"entry"},"_links":{"self":[{"href":"https:\/\/wenzl-assekuranz.com\/es\/wp-json\/wp\/v2\/pages\/19"}],"collection":[{"href":"https:\/\/wenzl-assekuranz.com\/es\/wp-json\/wp\/v2\/pages"}],"about":[{"href":"https:\/\/wenzl-assekuranz.com\/es\/wp-json\/wp\/v2\/types\/page"}],"author":[{"embeddable":true,"href":"https:\/\/wenzl-assekuranz.com\/es\/wp-json\/wp\/v2\/users\/2"}],"replies":[{"embeddable":true,"href":"https:\/\/wenzl-assekuranz.com\/es\/wp-json\/wp\/v2\/comments?post=19"}],"version-history":[{"count":20,"href":"https:\/\/wenzl-assekuranz.com\/es\/wp-json\/wp\/v2\/pages\/19\/revisions"}],"predecessor-version":[{"id":605,"href":"https:\/\/wenzl-assekuranz.com\/es\/wp-json\/wp\/v2\/pages\/19\/revisions\/605"}],"wp:attachment":[{"href":"https:\/\/wenzl-assekuranz.com\/es\/wp-json\/wp\/v2\/media?parent=19"}],"curies":[{"name":"wp","href":"https:\/\/api.w.org\/{rel}","templated":true}]}}