{"id":13,"date":"2017-09-13T17:16:44","date_gmt":"2017-09-13T15:16:44","guid":{"rendered":"http:\/\/wenzl-assekuranz.com\/site\/?page_id=13"},"modified":"2023-09-01T09:31:55","modified_gmt":"2023-09-01T07:31:55","slug":"about-us","status":"publish","type":"page","link":"https:\/\/wenzl-assekuranz.com\/es\/sobre-nosotros\/","title":{"rendered":"Sobre nosotros"},"content":{"rendered":"<div data-elementor-type=\"wp-page\" data-elementor-id=\"13\" class=\"elementor elementor-13\" data-elementor-post-type=\"page\">\n\t\t\t\t\t\t<section class=\"elementor-section elementor-top-section elementor-element elementor-element-45165c2a elementor-section-boxed elementor-section-height-default elementor-section-height-default\" data-id=\"45165c2a\" data-element_type=\"section\" data-e-type=\"section\">\n\t\t\t\t\t\t<div class=\"elementor-container elementor-column-gap-default\">\n\t\t\t\t\t<div class=\"elementor-column elementor-col-100 elementor-top-column elementor-element elementor-element-6dea5027\" data-id=\"6dea5027\" data-element_type=\"column\" data-e-type=\"column\">\n\t\t\t<div class=\"elementor-widget-wrap elementor-element-populated\">\n\t\t\t\t\t\t<div class=\"elementor-element elementor-element-11760a8 elementor-widget elementor-widget-text-editor\" data-id=\"11760a8\" data-element_type=\"widget\" data-e-type=\"widget\" data-widget_type=\"text-editor.default\">\n\t\t\t\t<div class=\"elementor-widget-container\">\n\t\t\t\t\t\t\t\t\t<p>Wenzl ha estructurado para grandes y medianos clientes activos en sectores industriales, diversas soluciones innovadoras que requieren de grandes vol\u00famenes de garant\u00edas\/avales. Al mismo tiempo, tambi\u00e9n hemos intervenido en situaciones desafiantes, como fusiones y adquisiciones, etapas de crecimiento empresarial exponencial y dificultades econ\u00f3micas.<\/p><p>Con d\u00e9cadas de experiencia profesional en banca internacional, Manuel L\u00f3pez y Ricardo Qu\u00edlez permiten a nuestra empresa tender puentes entre el sector asegurador y el bancario para ofrecer soluciones \u00fanicas en beneficio de nuestros clientes. Esta propuesta es cada vez m\u00e1s relevante a medida que el endurecimiento de las restricciones normativas y de capital para las entidades financieras reduce significativamente su apetito por el riesgo, oblig\u00e1ndoles a aumentar sustancialmente su oferta de precios o incluso, a retirarse de algunas transacciones.<\/p><p class=\"translation-block\">Somos miembros de la <a href=\"https:\/\/www.lma.eu.com\" target=\"_self\">Loan Market Association<\/a>, que ampara todo lo relativo al mercado mundial de sindicaciones, y de la <a href=\"https:\/\/itfa.org\" target=\"_self\">ITFA<\/a>, su equivalente en financiaci\u00f3n del comercio.<\/p>\t\t\t\t\t\t\t\t<\/div>\n\t\t\t\t<\/div>\n\t\t\t\t<div class=\"elementor-element elementor-element-cc7ab32 elementor-position-left elementor-vertical-align-top elementor-widget elementor-widget-image-box\" data-id=\"cc7ab32\" data-element_type=\"widget\" data-e-type=\"widget\" data-widget_type=\"image-box.default\">\n\t\t\t\t<div class=\"elementor-widget-container\">\n\t\t\t\t\t<div class=\"elementor-image-box-wrapper\"><figure class=\"elementor-image-box-img\"><img fetchpriority=\"high\" decoding=\"async\" width=\"600\" height=\"600\" src=\"https:\/\/wenzl-assekuranz.com\/site\/wp-content\/uploads\/jens-schroeder.jpg\" class=\"attachment-full size-full wp-image-647\" alt=\"jens schroeder\" srcset=\"https:\/\/wenzl-assekuranz.com\/site\/wp-content\/uploads\/jens-schroeder.jpg 600w, https:\/\/wenzl-assekuranz.com\/site\/wp-content\/uploads\/jens-schroeder-300x300.jpg 300w, https:\/\/wenzl-assekuranz.com\/site\/wp-content\/uploads\/jens-schroeder-150x150.jpg 150w, https:\/\/wenzl-assekuranz.com\/site\/wp-content\/uploads\/jens-schroeder-12x12.jpg 12w\" sizes=\"(max-width: 600px) 100vw, 600px\" \/><\/figure><div class=\"elementor-image-box-content\"><h4 class=\"elementor-image-box-title\">Jens Schr\u00f6der<\/h4><p class=\"elementor-image-box-description\">Jens es abogado en Derecho financiero y laboral y posteriormente se especializ\u00f3 como asesor fiscal, antes de incorporarse a Wenzl Assekuranz en 1999. Ha estructurado numerosas operaciones emblem\u00e1ticas de avales y garant\u00edas bancarias, y ha originado y desarrollado importantes relaciones con clientes.  Jens se enorgullece de ayudar a sus clientes a lo largo de todo el ciclo econ\u00f3mico y empresarial, obteniendo el apoyo necesario de aseguradoras de cauci\u00f3n y bancos. Como resultado, se ha ganado una excelente reputaci\u00f3n en el mercado europeo de fianzas.<\/p><\/div><\/div>\t\t\t\t<\/div>\n\t\t\t\t<\/div>\n\t\t\t\t<div class=\"elementor-element elementor-element-e07e9ea elementor-position-left elementor-vertical-align-top elementor-widget elementor-widget-image-box\" data-id=\"e07e9ea\" data-element_type=\"widget\" data-e-type=\"widget\" data-widget_type=\"image-box.default\">\n\t\t\t\t<div class=\"elementor-widget-container\">\n\t\t\t\t\t<div class=\"elementor-image-box-wrapper\"><figure class=\"elementor-image-box-img\"><img decoding=\"async\" width=\"600\" height=\"600\" src=\"https:\/\/wenzl-assekuranz.com\/site\/wp-content\/uploads\/manuel-lopez.jpg\" class=\"attachment-full size-full wp-image-648\" alt=\"\" srcset=\"https:\/\/wenzl-assekuranz.com\/site\/wp-content\/uploads\/manuel-lopez.jpg 600w, https:\/\/wenzl-assekuranz.com\/site\/wp-content\/uploads\/manuel-lopez-300x300.jpg 300w, https:\/\/wenzl-assekuranz.com\/site\/wp-content\/uploads\/manuel-lopez-150x150.jpg 150w, https:\/\/wenzl-assekuranz.com\/site\/wp-content\/uploads\/manuel-lopez-12x12.jpg 12w\" sizes=\"(max-width: 600px) 100vw, 600px\" \/><\/figure><div class=\"elementor-image-box-content\"><h4 class=\"elementor-image-box-title\">Manuel L\u00f3pez<\/h4><p class=\"elementor-image-box-description\">Manuel se incorpor\u00f3 a Wenzl como socio en noviembre de 2021 y lidera nuestra expansi\u00f3n internacional aprovechando su dilatada experiencia de d\u00e9cadas en el mercado internacional bancario y de fianzas. Manuel es un ponente recurrente en conferencias de asociaciones de la industria como ICISA, ITFA, LMA e IACPM, que cubren nuevos usos y pr\u00e1cticas en el entorno de las garant\u00edas as\u00ed c\u00f3mo el cumplimiento de los requisitos regulatorios transfronterizos. Como resultado de su educaci\u00f3n multicultural y su experiencia laboral previa, habla con fluidez espa\u00f1ol, alem\u00e1n, italiano e ingl\u00e9s.<\/p><\/div><\/div>\t\t\t\t<\/div>\n\t\t\t\t<\/div>\n\t\t\t\t<div class=\"elementor-element elementor-element-ebfba77 elementor-position-left elementor-vertical-align-top elementor-widget elementor-widget-image-box\" data-id=\"ebfba77\" data-element_type=\"widget\" data-e-type=\"widget\" data-widget_type=\"image-box.default\">\n\t\t\t\t<div class=\"elementor-widget-container\">\n\t\t\t\t\t<div class=\"elementor-image-box-wrapper\"><figure class=\"elementor-image-box-img\"><img decoding=\"async\" width=\"800\" height=\"800\" src=\"https:\/\/wenzl-assekuranz.com\/site\/wp-content\/uploads\/ricardo_quilez.webp\" class=\"attachment-full size-full wp-image-702\" alt=\"Ricardo Qu\u00edlez\" srcset=\"https:\/\/wenzl-assekuranz.com\/site\/wp-content\/uploads\/ricardo_quilez.webp 800w, https:\/\/wenzl-assekuranz.com\/site\/wp-content\/uploads\/ricardo_quilez-300x300.webp 300w, https:\/\/wenzl-assekuranz.com\/site\/wp-content\/uploads\/ricardo_quilez-150x150.webp 150w, https:\/\/wenzl-assekuranz.com\/site\/wp-content\/uploads\/ricardo_quilez-768x768.webp 768w, https:\/\/wenzl-assekuranz.com\/site\/wp-content\/uploads\/ricardo_quilez-12x12.webp 12w\" sizes=\"(max-width: 800px) 100vw, 800px\" \/><\/figure><div class=\"elementor-image-box-content\"><h4 class=\"elementor-image-box-title\">Ricardo Qu\u00edlez<\/h4><p class=\"elementor-image-box-description\">Ricardo Qu\u00edlez acumula d\u00e9cadas de experiencia en el sector financiero, lo que le ha permitido convertirse en un especialista de soluciones de avales y garant\u00edas. Anteriormente desempe\u00f1\u00f3 un papel decisivo en el establecimiento de muchas estructuras innovadoras de avales bancarios aprovechando su profundo conocimiento de las necesidades de los clientes, su extensa red y su reputaci\u00f3n altamente reconocida en el mercado. Unido a ello, su experiencia en la distribuci\u00f3n regional de riesgos, que abarca m\u00faltiples clases de activos, refuerza a\u00fan m\u00e1s su valor a\u00f1adido de cara a la propuesta del cliente.<\/p><\/div><\/div>\t\t\t\t<\/div>\n\t\t\t\t<\/div>\n\t\t\t\t<div class=\"elementor-element elementor-element-8c302b6 elementor-position-left elementor-vertical-align-top elementor-widget elementor-widget-image-box\" data-id=\"8c302b6\" data-element_type=\"widget\" data-e-type=\"widget\" data-widget_type=\"image-box.default\">\n\t\t\t\t<div class=\"elementor-widget-container\">\n\t\t\t\t\t<div class=\"elementor-image-box-wrapper\"><figure class=\"elementor-image-box-img\"><img loading=\"lazy\" decoding=\"async\" width=\"600\" height=\"600\" src=\"https:\/\/wenzl-assekuranz.com\/site\/wp-content\/uploads\/domenico.webp\" class=\"attachment-full size-full wp-image-793\" alt=\"Domenico Esposito\" srcset=\"https:\/\/wenzl-assekuranz.com\/site\/wp-content\/uploads\/domenico.webp 600w, https:\/\/wenzl-assekuranz.com\/site\/wp-content\/uploads\/domenico-300x300.webp 300w, https:\/\/wenzl-assekuranz.com\/site\/wp-content\/uploads\/domenico-150x150.webp 150w, https:\/\/wenzl-assekuranz.com\/site\/wp-content\/uploads\/domenico-12x12.webp 12w\" sizes=\"(max-width: 600px) 100vw, 600px\" \/><\/figure><div class=\"elementor-image-box-content\"><h4 class=\"elementor-image-box-title\">Domenico Esposito<\/h4><p class=\"elementor-image-box-description\">Domenico tiene formaci\u00f3n universitaria como Ingeniero de Caminos, Canales y Puertos, y cuenta con un M\u00e1ster en Finanzas. Adem\u00e1s, es un profesional del (Re)seguro y posee el Diploma en Seguros del Chartered Insurance Institute (Londres, Reino Unido). Acumula m\u00e1s de 15 a\u00f1os de experiencia internacional en Cr\u00e9dito a la Exportaci\u00f3n, suscripci\u00f3n de fianzas, corretaje y gesti\u00f3n de MGA, en los que ha vivido y desempa\u00f1ado su actividad laboral en diferentes pa\u00edses de Europa y Oriente Medio, estructurando numerosas y complejas operaciones transfronterizas, e implementando nuevas funciones y equipos desde cero. Domenico es el responsable de la Sucursal de Wenzl en Italia.<\/p><\/div><\/div>\t\t\t\t<\/div>\n\t\t\t\t<\/div>\n\t\t\t\t\t<\/div>\n\t\t<\/div>\n\t\t\t\t\t<\/div>\n\t\t<\/section>\n\t\t\t\t<\/div>","protected":false},"excerpt":{"rendered":"<div class=\"byline\">Combinamos d\u00e9cadas de experiencia internacional en el sector de los servicios financieros, unido a unos conocimientos t\u00e9cnicos \u00fanicos y una extensa red mundial. En lugar de hacer diez llamadas telef\u00f3nicas, \u00a1haga s\u00f3lo una!<\/p>","protected":false},"author":2,"featured_media":0,"parent":0,"menu_order":0,"comment_status":"closed","ping_status":"closed","template":"elementor_header_footer","meta":{"_genesis_hide_title":false,"_genesis_hide_breadcrumbs":false,"_genesis_hide_singular_image":false,"_genesis_hide_footer_widgets":false,"_genesis_custom_body_class":"","_genesis_custom_post_class":"","_genesis_layout":"","footnotes":""},"class_list":{"0":"post-13","1":"page","2":"type-page","3":"status-publish","5":"entry"},"_links":{"self":[{"href":"https:\/\/wenzl-assekuranz.com\/es\/wp-json\/wp\/v2\/pages\/13"}],"collection":[{"href":"https:\/\/wenzl-assekuranz.com\/es\/wp-json\/wp\/v2\/pages"}],"about":[{"href":"https:\/\/wenzl-assekuranz.com\/es\/wp-json\/wp\/v2\/types\/page"}],"author":[{"embeddable":true,"href":"https:\/\/wenzl-assekuranz.com\/es\/wp-json\/wp\/v2\/users\/2"}],"replies":[{"embeddable":true,"href":"https:\/\/wenzl-assekuranz.com\/es\/wp-json\/wp\/v2\/comments?post=13"}],"version-history":[{"count":174,"href":"https:\/\/wenzl-assekuranz.com\/es\/wp-json\/wp\/v2\/pages\/13\/revisions"}],"predecessor-version":[{"id":877,"href":"https:\/\/wenzl-assekuranz.com\/es\/wp-json\/wp\/v2\/pages\/13\/revisions\/877"}],"wp:attachment":[{"href":"https:\/\/wenzl-assekuranz.com\/es\/wp-json\/wp\/v2\/media?parent=13"}],"curies":[{"name":"wp","href":"https:\/\/api.w.org\/{rel}","templated":true}]}}