{"id":11,"date":"2017-09-13T17:15:32","date_gmt":"2017-09-13T15:15:32","guid":{"rendered":"http:\/\/wenzl-assekuranz.com\/site\/?page_id=11"},"modified":"2023-02-03T17:47:30","modified_gmt":"2023-02-03T16:47:30","slug":"contact","status":"publish","type":"page","link":"https:\/\/wenzl-assekuranz.com\/es\/contacto\/","title":{"rendered":"Contacto"},"content":{"rendered":"<h4 class=\"wp-block-heading\">Informaci\u00f3n de estado<\/h4>\n\n\n\n<p>Wenzl Assekuranzmakler GmbH act\u00faa como corredor de seguros y obtiene ingresos en forma de comisiones provenientes de las aseguradoras. Estas comisiones suelen formar parte de la prima que paga el asegurado a la aseguradora.<\/p>\n\n\n\n<p>Informaci\u00f3n de estado de acuerdo con el \u00a7 11 de la normativa alemana sobre corredores de seguros.<\/p>\n\n\n\n<p>The aforementioned company is permitted to operate as an insurance broker with an authorization in accordance with \u00a7 34d(1) of the German Trade Regulations (GewO).&nbsp;It is entered in the register of insurance brokers under the registration number D-W4N0- VH037-68.<\/p>\n\n\n\n<p>Despu\u00e9s de esto, Wenzl Assekuranzmakler GmbH se registra en la FCA (Autoridad de Conducta Financiera), como una empresa autorizada por el EEE con el n\u00famero de referencia 446799.<\/p>\n\n\n\n<h4 class=\"wp-block-heading\">Autoridad para licenciar<\/h4>\n\n\n\n<p>C\u00e1mara de Comercio e Industria de M\u00fanich y Alta Baviera<br>Balanstra\u00dfe 55-59, 81541 M\u00fanich<br>Tel\u00e9fono: + 49 89 5116-1150<br><a href=\"http:\/\/www.muenchen.ihk.de\">www.muenchen.ihk.de<\/a><\/p>\n\n\n\n<p>La entrada en el registro de corredores se puede examinar de la siguiente manera:<br>Deutscher Industrie- und Handelskammertag (DIHK) eV<br>Breite Strasse 29, 10178 Berl\u00edn<br>Tel\u00e9fono: 0180-500-585-0 *<br><small>* 14 c\u00e9ntimos \/ min desde un tel\u00e9fono fijo alem\u00e1n, se pueden aplicar diferentes cargos a las redes de telefon\u00eda m\u00f3vil.<br>El registro tambi\u00e9n se puede ver en Internet en <a href=\"http:\/\/www.vermittlerregister.info\">www.vermittlerregister.info<\/a><\/small><\/p>\n\n\n\n<p>La mencionada compa\u00f1\u00eda no tiene una participaci\u00f3n directa o indirecta de m\u00e1s de 10% de los derechos de voto o capital en otra compa\u00f1\u00eda de seguros. Ninguna compa\u00f1\u00eda de seguros o matriz de una compa\u00f1\u00eda de seguros tiene una participaci\u00f3n directa o indirecta de m\u00e1s de 10% de los derechos de voto o del capital de dicha compa\u00f1\u00eda.<\/p>\n\n\n\n<h4 class=\"wp-block-heading\">\u00d3rganos de mediaci\u00f3n<\/h4>\n\n\n\n<p>Se puede recurrir a los siguientes \u00f3rganos de mediaci\u00f3n para acuerdos extrajudiciales:<br>eV Prof. G\u00fcnther Hirsch<br>Postfach 08 06 32, 10006 Berl\u00edn<br><a href=\"https:\/\/www.versicherungsombudsmann.de\/welcome\/\">www.versicherungsombudsmann.de<\/a><\/p>","protected":false},"excerpt":{"rendered":"<div class=\"byline\">No dude en ponerse en contacto con nosotros para necesidades globales en buero@wenzl-assekuranz.de o para necesidades espec\u00edficas del Reino Unido en rick.phillips@wenzl-assekuranz.com.<\/p>","protected":false},"author":2,"featured_media":0,"parent":0,"menu_order":0,"comment_status":"closed","ping_status":"closed","template":"","meta":{"_genesis_hide_title":false,"_genesis_hide_breadcrumbs":false,"_genesis_hide_singular_image":false,"_genesis_hide_footer_widgets":false,"_genesis_custom_body_class":"","_genesis_custom_post_class":"","_genesis_layout":"","footnotes":""},"class_list":{"0":"post-11","1":"page","2":"type-page","3":"status-publish","5":"entry"},"_links":{"self":[{"href":"https:\/\/wenzl-assekuranz.com\/es\/wp-json\/wp\/v2\/pages\/11"}],"collection":[{"href":"https:\/\/wenzl-assekuranz.com\/es\/wp-json\/wp\/v2\/pages"}],"about":[{"href":"https:\/\/wenzl-assekuranz.com\/es\/wp-json\/wp\/v2\/types\/page"}],"author":[{"embeddable":true,"href":"https:\/\/wenzl-assekuranz.com\/es\/wp-json\/wp\/v2\/users\/2"}],"replies":[{"embeddable":true,"href":"https:\/\/wenzl-assekuranz.com\/es\/wp-json\/wp\/v2\/comments?post=11"}],"version-history":[{"count":30,"href":"https:\/\/wenzl-assekuranz.com\/es\/wp-json\/wp\/v2\/pages\/11\/revisions"}],"predecessor-version":[{"id":791,"href":"https:\/\/wenzl-assekuranz.com\/es\/wp-json\/wp\/v2\/pages\/11\/revisions\/791"}],"wp:attachment":[{"href":"https:\/\/wenzl-assekuranz.com\/es\/wp-json\/wp\/v2\/media?parent=11"}],"curies":[{"name":"wp","href":"https:\/\/api.w.org\/{rel}","templated":true}]}}