{"id":7,"date":"2017-09-13T17:09:09","date_gmt":"2017-09-13T15:09:09","guid":{"rendered":"http:\/\/wenzl-assekuranz.com\/site\/?page_id=7"},"modified":"2023-01-18T11:42:30","modified_gmt":"2023-01-18T10:42:30","slug":"keep-word-competitors","status":"publish","type":"page","link":"https:\/\/wenzl-assekuranz.com\/de\/","title":{"rendered":"Wir halten die Versprechen unserer Konkurrenz"},"content":{"rendered":"<div data-elementor-type=\"wp-page\" data-elementor-id=\"7\" class=\"elementor elementor-7\" data-elementor-post-type=\"page\">\n\t\t\t\t\t\t<section class=\"elementor-section elementor-top-section elementor-element elementor-element-jce7k32 elementor-section-stretched elementor-section-height-min-height elementor-section-boxed elementor-section-height-default elementor-section-items-middle\" data-id=\"jce7k32\" data-element_type=\"section\" data-e-type=\"section\" data-settings=\"{&quot;stretch_section&quot;:&quot;section-stretched&quot;,&quot;background_background&quot;:&quot;classic&quot;}\">\n\t\t\t\t\t\t<div class=\"elementor-container elementor-column-gap-default\">\n\t\t\t\t\t<div class=\"elementor-column elementor-col-33 elementor-top-column elementor-element elementor-element-umhxfep\" data-id=\"umhxfep\" data-element_type=\"column\" data-e-type=\"column\">\n\t\t\t<div class=\"elementor-widget-wrap elementor-element-populated\">\n\t\t\t\t\t\t<div class=\"elementor-element elementor-element-51cm968 elementor-headline--style-highlight elementor-widget elementor-widget-animated-headline\" data-id=\"51cm968\" data-element_type=\"widget\" data-e-type=\"widget\" data-settings=\"{&quot;marker&quot;:&quot;underline_zigzag&quot;,&quot;highlighted_text&quot;:&quot;what we do.&quot;,&quot;headline_style&quot;:&quot;highlight&quot;,&quot;loop&quot;:&quot;yes&quot;,&quot;highlight_animation_duration&quot;:1200,&quot;highlight_iteration_delay&quot;:8000}\" data-widget_type=\"animated-headline.default\">\n\t\t\t\t<div class=\"elementor-widget-container\">\n\t\t\t\t\t\t\t<h3 class=\"elementor-headline\">\n\t\t\t\t\t<span class=\"elementor-headline-plain-text elementor-headline-text-wrapper\">Wer wir sind und<\/span>\n\t\t\t\t<span class=\"elementor-headline-dynamic-wrapper elementor-headline-text-wrapper\">\n\t\t\t\t\t<span class=\"elementor-headline-dynamic-text elementor-headline-text-active\">was wir tun.<\/span>\n\t\t\t\t<\/span>\n\t\t\t\t<\/h3>\n\t\t\t\t\t\t<\/div>\n\t\t\t\t<\/div>\n\t\t\t\t\t<\/div>\n\t\t<\/div>\n\t\t\t\t<div class=\"elementor-column elementor-col-66 elementor-top-column elementor-element elementor-element-0j4m4lm\" data-id=\"0j4m4lm\" data-element_type=\"column\" data-e-type=\"column\">\n\t\t\t<div class=\"elementor-widget-wrap elementor-element-populated\">\n\t\t\t\t\t\t<div class=\"elementor-element elementor-element-j5u0899 elementor-widget elementor-widget-text-editor\" data-id=\"j5u0899\" data-element_type=\"widget\" data-e-type=\"widget\" data-widget_type=\"text-editor.default\">\n\t\t\t\t<div class=\"elementor-widget-container\">\n\t\t\t\t\t\t\t\t\t<p><strong>Wenzl Assekuranz ist ein spezialisiertes B\u00fcrgschaftsvermittlungs- und Beratungsunternehmen f\u00fcr Firmen-, Bank- und Versicherungskunden. Seit 1992 bieten wir L\u00f6sungen f\u00fcr Bankgarantien und B\u00fcrgschaften sowie weltweite Beratungsdienste an.\u00a0<\/strong><\/p><p>Diese L\u00f6sungen werden nach einer eingehenden Analyse der Anforderungen und der finanziellen Situation unserer Kunden sowie ihrer aktuellen und zuk\u00fcnftigen Gesch\u00e4ftsziele erarbeitet. Diese Analyse wird zu einem integralen Bestandteil des Underwriting-\/Kreditentscheidungsprozesses unserer Kautionsversicherer und Bankpartner.<\/p><p>Wir setzen hochentwickelte Syndizierungs- und Risikoteilungsl\u00f6sungen mit etablierten Verfahren und aufsichtsrechtlich konformen Dokumentationsstandards zum Nutzen unserer Unternehmens-, Versicherungs- und Bankpartner ein. Diese Verfahren verbessern die Effizienz und die allgemeine Preisgestaltung, erweitern den globalen Zugang und erh\u00f6hen die Verf\u00fcgbarkeit von Bankgarantien\/B\u00fcrgschaften.<br \/>Durch langj\u00e4hrige Kooperationsvereinbarungen mit anderen Vermittlern und Beratern bieten wir globale L\u00f6sungen vor Ort an.<\/p>\t\t\t\t\t\t\t\t<\/div>\n\t\t\t\t<\/div>\n\t\t\t\t\t<\/div>\n\t\t<\/div>\n\t\t\t\t\t<\/div>\n\t\t<\/section>\n\t\t\t\t<section class=\"elementor-section elementor-top-section elementor-element elementor-element-635413d elementor-section-stretched elementor-section-height-min-height elementor-section-boxed elementor-section-height-default elementor-section-items-middle\" data-id=\"635413d\" data-element_type=\"section\" data-e-type=\"section\" data-settings=\"{&quot;stretch_section&quot;:&quot;section-stretched&quot;,&quot;background_background&quot;:&quot;classic&quot;}\">\n\t\t\t\t\t\t<div class=\"elementor-container elementor-column-gap-default\">\n\t\t\t\t\t<div class=\"elementor-column elementor-col-33 elementor-top-column elementor-element elementor-element-1e138b4\" data-id=\"1e138b4\" data-element_type=\"column\" data-e-type=\"column\">\n\t\t\t<div class=\"elementor-widget-wrap elementor-element-populated\">\n\t\t\t\t\t\t<div class=\"elementor-element elementor-element-5677bcc elementor-widget elementor-widget-heading\" data-id=\"5677bcc\" data-element_type=\"widget\" data-e-type=\"widget\" data-widget_type=\"heading.default\">\n\t\t\t\t<div class=\"elementor-widget-container\">\n\t\t\t\t\t<h2 class=\"elementor-heading-title elementor-size-default\">Kunden<\/h2>\t\t\t\t<\/div>\n\t\t\t\t<\/div>\n\t\t\t\t\t<\/div>\n\t\t<\/div>\n\t\t\t\t<div class=\"elementor-column elementor-col-66 elementor-top-column elementor-element elementor-element-103c802\" data-id=\"103c802\" data-element_type=\"column\" data-e-type=\"column\">\n\t\t\t<div class=\"elementor-widget-wrap elementor-element-populated\">\n\t\t\t\t\t\t<div class=\"elementor-element elementor-element-c487ef5 elementor-widget elementor-widget-text-editor\" data-id=\"c487ef5\" data-element_type=\"widget\" data-e-type=\"widget\" data-widget_type=\"text-editor.default\">\n\t\t\t\t<div class=\"elementor-widget-container\">\n\t\t\t\t\t\t\t\t\t<p>Unser vielf\u00e4ltiges Kundenportfolio umfasst gro\u00dfe b\u00f6rsennotierte und nicht b\u00f6rsennotierte Unternehmen aus den Bereichen Bauwesen, Schifffahrt, Maschinenbau und erneuerbare Energien, zu denen wir seit Jahrzehnten Gesch\u00e4ftsbeziehungen unterhalten. Diese Unternehmen sind weltweit in mehr als 75 L\u00e4ndern auf sechs Kontinenten vertreten. \u00a0<\/p>\n<p>Wir decken den gesamten Lebenszyklus von Projekten im Bereich der erneuerbaren Energien ab, indem wir Garantien\/Anleihen f\u00fcr die verschiedenen Projektphasen wie Konzession, Bau, Finanzierung sowie langfristige Stilllegungsverpflichtungen vorbereiten.<\/p>\t\t\t\t\t\t\t\t<\/div>\n\t\t\t\t<\/div>\n\t\t\t\t<div class=\"elementor-element elementor-element-tw7ar02 elementor-widget elementor-widget-menu-anchor\" data-id=\"tw7ar02\" data-element_type=\"widget\" data-e-type=\"widget\" data-widget_type=\"menu-anchor.default\">\n\t\t\t\t<div class=\"elementor-widget-container\">\n\t\t\t\t\t\t\t<div class=\"elementor-menu-anchor\" id=\"getintouch\"><\/div>\n\t\t\t\t\t\t<\/div>\n\t\t\t\t<\/div>\n\t\t\t\t\t<\/div>\n\t\t<\/div>\n\t\t\t\t\t<\/div>\n\t\t<\/section>\n\t\t\t\t<section class=\"elementor-section elementor-top-section elementor-element elementor-element-a405158 elementor-section-stretched elementor-section-height-min-height elementor-section-content-middle elementor-section-boxed elementor-section-height-default elementor-section-items-middle\" data-id=\"a405158\" data-element_type=\"section\" data-e-type=\"section\" data-settings=\"{&quot;stretch_section&quot;:&quot;section-stretched&quot;,&quot;background_background&quot;:&quot;classic&quot;,&quot;shape_divider_top&quot;:&quot;arrow&quot;}\">\n\t\t\t\t\t<div class=\"elementor-shape elementor-shape-top\" aria-hidden=\"true\" data-negative=\"false\">\n\t\t\t<svg xmlns=\"http:\/\/www.w3.org\/2000\/svg\" viewbox=\"0 0 700 10\" preserveaspectratio=\"none\">\n\t<path class=\"elementor-shape-fill\" d=\"M350,10L340,0h20L350,10z\"\/>\n<\/svg>\t\t<\/div>\n\t\t\t\t\t<div class=\"elementor-container elementor-column-gap-default\">\n\t\t\t\t\t<div class=\"elementor-column elementor-col-100 elementor-top-column elementor-element elementor-element-34b70dc\" data-id=\"34b70dc\" data-element_type=\"column\" data-e-type=\"column\">\n\t\t\t<div class=\"elementor-widget-wrap elementor-element-populated\">\n\t\t\t\t\t\t<div class=\"elementor-element elementor-element-781eca4 elementor-headline--style-rotate elementor-widget elementor-widget-animated-headline\" data-id=\"781eca4\" data-element_type=\"widget\" data-e-type=\"widget\" data-settings=\"{&quot;headline_style&quot;:&quot;rotate&quot;,&quot;animation_type&quot;:&quot;slide-down&quot;,&quot;rotating_text&quot;:&quot;1992\\n2017\\n2023&quot;,&quot;loop&quot;:&quot;yes&quot;,&quot;rotate_iteration_delay&quot;:2500}\" data-widget_type=\"animated-headline.default\">\n\t\t\t\t<div class=\"elementor-widget-container\">\n\t\t\t\t\t\t\t<h6 class=\"elementor-headline elementor-headline-animation-type-slide-down\">\n\t\t\t\t\t<span class=\"elementor-headline-plain-text elementor-headline-text-wrapper\">30 Jahre Wenzl Assekuranz<br \/><\/span>\n\t\t\t\t<span class=\"elementor-headline-dynamic-wrapper elementor-headline-text-wrapper\">\n\t\t\t\t\t<span class=\"elementor-headline-dynamic-text elementor-headline-text-active\">\n\t\t\t\t1992\t\t\t<\/span>\n\t\t\t\t\t<span class=\"elementor-headline-dynamic-text\">\n\t\t\t\t2017\t\t\t<\/span>\n\t\t\t\t\t<span class=\"elementor-headline-dynamic-text\">\n\t\t\t\t2023\t\t\t<\/span>\n\t\t\t\t\t\t<\/span>\n\t\t\t\t<\/h6>\n\t\t\t\t\t\t<\/div>\n\t\t\t\t<\/div>\n\t\t\t\t\t<\/div>\n\t\t<\/div>\n\t\t\t\t\t<\/div>\n\t\t<\/section>\n\t\t\t\t<\/div>","protected":false},"excerpt":{"rendered":"<div class=\"byline\">\"Bridging the Gap between Surety and Banking\"- wir sind darauf spezialisiert, die Vorteile von Bankgarantien und Kautionsb\u00fcrgschaften zu kombinieren, um ma\u00dfgeschneiderte Kundenl\u00f6sungen zu schaffen.<\/p>\n<div class=\"byline\"><a href=\"#getintouch\" class=\"button\">Kontakt aufnehmen<\/a><\/p>","protected":false},"author":2,"featured_media":65,"parent":0,"menu_order":0,"comment_status":"closed","ping_status":"closed","template":"","meta":{"_genesis_hide_title":false,"_genesis_hide_breadcrumbs":false,"_genesis_hide_singular_image":false,"_genesis_hide_footer_widgets":false,"_genesis_custom_body_class":"","_genesis_custom_post_class":"","_genesis_layout":"full-width-content","footnotes":""},"class_list":{"0":"post-7","1":"page","2":"type-page","3":"status-publish","4":"has-post-thumbnail","6":"entry"},"_links":{"self":[{"href":"https:\/\/wenzl-assekuranz.com\/de\/wp-json\/wp\/v2\/pages\/7"}],"collection":[{"href":"https:\/\/wenzl-assekuranz.com\/de\/wp-json\/wp\/v2\/pages"}],"about":[{"href":"https:\/\/wenzl-assekuranz.com\/de\/wp-json\/wp\/v2\/types\/page"}],"author":[{"embeddable":true,"href":"https:\/\/wenzl-assekuranz.com\/de\/wp-json\/wp\/v2\/users\/2"}],"replies":[{"embeddable":true,"href":"https:\/\/wenzl-assekuranz.com\/de\/wp-json\/wp\/v2\/comments?post=7"}],"version-history":[{"count":189,"href":"https:\/\/wenzl-assekuranz.com\/de\/wp-json\/wp\/v2\/pages\/7\/revisions"}],"predecessor-version":[{"id":788,"href":"https:\/\/wenzl-assekuranz.com\/de\/wp-json\/wp\/v2\/pages\/7\/revisions\/788"}],"wp:featuredmedia":[{"embeddable":true,"href":"https:\/\/wenzl-assekuranz.com\/de\/wp-json\/wp\/v2\/media\/65"}],"wp:attachment":[{"href":"https:\/\/wenzl-assekuranz.com\/de\/wp-json\/wp\/v2\/media?parent=7"}],"curies":[{"name":"wp","href":"https:\/\/api.w.org\/{rel}","templated":true}]}}