{"id":15,"date":"2017-09-13T17:18:02","date_gmt":"2017-09-13T15:18:02","guid":{"rendered":"http:\/\/wenzl-assekuranz.com\/site\/?page_id=15"},"modified":"2017-12-12T08:19:28","modified_gmt":"2017-12-12T07:19:28","slug":"projects","status":"publish","type":"page","link":"https:\/\/wenzl-assekuranz.com\/de\/projects\/","title":{"rendered":"Projekte"},"content":{"rendered":"<div data-elementor-type=\"wp-page\" data-elementor-id=\"15\" class=\"elementor elementor-15 elementor-bc-flex-widget\" data-elementor-post-type=\"page\">\n\t\t\t\t\t\t<section class=\"elementor-section elementor-top-section elementor-element elementor-element-6e1a1cd elementor-section-stretched elementor-section-height-min-height elementor-section-boxed elementor-section-height-default elementor-section-items-middle\" data-id=\"6e1a1cd\" data-element_type=\"section\" data-e-type=\"section\" data-settings=\"{&quot;stretch_section&quot;:&quot;section-stretched&quot;,&quot;background_background&quot;:&quot;classic&quot;}\">\n\t\t\t\t\t\t<div class=\"elementor-container elementor-column-gap-narrow\">\n\t\t\t\t\t<div class=\"elementor-column elementor-col-33 elementor-top-column elementor-element elementor-element-a0eba7a elementor-invisible\" data-id=\"a0eba7a\" data-element_type=\"column\" data-e-type=\"column\" data-settings=\"{&quot;background_background&quot;:&quot;classic&quot;,&quot;animation&quot;:&quot;pulse&quot;}\">\n\t\t\t<div class=\"elementor-widget-wrap elementor-element-populated\">\n\t\t\t\t\t<div class=\"elementor-background-overlay\"><\/div>\n\t\t\t\t\t\t<div class=\"elementor-element elementor-element-129de6f elementor-position-top elementor-widget elementor-widget-image-box\" data-id=\"129de6f\" data-element_type=\"widget\" data-e-type=\"widget\" data-widget_type=\"image-box.default\">\n\t\t\t\t<div class=\"elementor-widget-container\">\n\t\t\t\t\t<div class=\"elementor-image-box-wrapper\"><figure class=\"elementor-image-box-img\"><a href=\"http:\/\/micanaldepanama.com\/expansion\/\" tabindex=\"-1\"><img fetchpriority=\"high\" decoding=\"async\" width=\"1600\" height=\"800\" src=\"https:\/\/wenzl-assekuranz.com\/site\/wp-content\/uploads\/panama-canal.jpg\" class=\"attachment-full size-full wp-image-69\" alt=\"panama-canal\" srcset=\"https:\/\/wenzl-assekuranz.com\/site\/wp-content\/uploads\/panama-canal.jpg 1600w, https:\/\/wenzl-assekuranz.com\/site\/wp-content\/uploads\/panama-canal-300x150.jpg 300w, https:\/\/wenzl-assekuranz.com\/site\/wp-content\/uploads\/panama-canal-768x384.jpg 768w, https:\/\/wenzl-assekuranz.com\/site\/wp-content\/uploads\/panama-canal-1024x512.jpg 1024w, https:\/\/wenzl-assekuranz.com\/site\/wp-content\/uploads\/panama-canal-720x360.jpg 720w, https:\/\/wenzl-assekuranz.com\/site\/wp-content\/uploads\/panama-canal-350x175.jpg 350w\" sizes=\"(max-width: 1600px) 100vw, 1600px\" \/><\/a><\/figure><div class=\"elementor-image-box-content\"><h3 class=\"elementor-image-box-title\"><a href=\"http:\/\/micanaldepanama.com\/expansion\/\">Panama Canal<\/a><\/h3><\/div><\/div>\t\t\t\t<\/div>\n\t\t\t\t<\/div>\n\t\t\t\t\t<\/div>\n\t\t<\/div>\n\t\t\t\t<div class=\"elementor-column elementor-col-33 elementor-top-column elementor-element elementor-element-df69841 elementor-invisible\" data-id=\"df69841\" data-element_type=\"column\" data-e-type=\"column\" data-settings=\"{&quot;background_background&quot;:&quot;classic&quot;,&quot;animation&quot;:&quot;pulse&quot;}\">\n\t\t\t<div class=\"elementor-widget-wrap elementor-element-populated\">\n\t\t\t\t\t<div class=\"elementor-background-overlay\"><\/div>\n\t\t\t\t\t\t<div class=\"elementor-element elementor-element-5a389d5 elementor-position-top elementor-widget elementor-widget-image-box\" data-id=\"5a389d5\" data-element_type=\"widget\" data-e-type=\"widget\" data-widget_type=\"image-box.default\">\n\t\t\t\t<div class=\"elementor-widget-container\">\n\t\t\t\t\t<div class=\"elementor-image-box-wrapper\"><figure class=\"elementor-image-box-img\"><a href=\"https:\/\/www.alptransit.ch\/de\/home\/\" tabindex=\"-1\"><img decoding=\"async\" width=\"1600\" height=\"800\" src=\"https:\/\/wenzl-assekuranz.com\/site\/wp-content\/uploads\/gotthard-basis-tunnel.jpg\" class=\"attachment-full size-full wp-image-30\" alt=\"gotthard-basis-tunnel\" srcset=\"https:\/\/wenzl-assekuranz.com\/site\/wp-content\/uploads\/gotthard-basis-tunnel.jpg 1600w, https:\/\/wenzl-assekuranz.com\/site\/wp-content\/uploads\/gotthard-basis-tunnel-300x150.jpg 300w, https:\/\/wenzl-assekuranz.com\/site\/wp-content\/uploads\/gotthard-basis-tunnel-768x384.jpg 768w, https:\/\/wenzl-assekuranz.com\/site\/wp-content\/uploads\/gotthard-basis-tunnel-1024x512.jpg 1024w\" sizes=\"(max-width: 1600px) 100vw, 1600px\" \/><\/a><\/figure><div class=\"elementor-image-box-content\"><h3 class=\"elementor-image-box-title\"><a href=\"https:\/\/www.alptransit.ch\/de\/home\/\">Gotthard Base Tunnel<\/a><\/h3><\/div><\/div>\t\t\t\t<\/div>\n\t\t\t\t<\/div>\n\t\t\t\t\t<\/div>\n\t\t<\/div>\n\t\t\t\t<div class=\"elementor-column elementor-col-33 elementor-top-column elementor-element elementor-element-b5226bf elementor-invisible\" data-id=\"b5226bf\" data-element_type=\"column\" data-e-type=\"column\" data-settings=\"{&quot;background_background&quot;:&quot;classic&quot;,&quot;animation&quot;:&quot;pulse&quot;}\">\n\t\t\t<div class=\"elementor-widget-wrap elementor-element-populated\">\n\t\t\t\t\t<div class=\"elementor-background-overlay\"><\/div>\n\t\t\t\t\t\t<div class=\"elementor-element elementor-element-84b6af5 elementor-position-top elementor-widget elementor-widget-image-box\" data-id=\"84b6af5\" data-element_type=\"widget\" data-e-type=\"widget\" data-widget_type=\"image-box.default\">\n\t\t\t\t<div class=\"elementor-widget-container\">\n\t\t\t\t\t<div class=\"elementor-image-box-wrapper\"><figure class=\"elementor-image-box-img\"><a href=\"https:\/\/www.lta.gov.sg\/content\/ltaweb\/en\/public-transport.html\" tabindex=\"-1\"><img decoding=\"async\" width=\"1600\" height=\"800\" src=\"https:\/\/wenzl-assekuranz.com\/site\/wp-content\/uploads\/singapore-tube-extension.jpg\" class=\"attachment-full size-full wp-image-65\" alt=\"singapore-tube-extension\" srcset=\"https:\/\/wenzl-assekuranz.com\/site\/wp-content\/uploads\/singapore-tube-extension.jpg 1600w, https:\/\/wenzl-assekuranz.com\/site\/wp-content\/uploads\/singapore-tube-extension-300x150.jpg 300w, https:\/\/wenzl-assekuranz.com\/site\/wp-content\/uploads\/singapore-tube-extension-768x384.jpg 768w, https:\/\/wenzl-assekuranz.com\/site\/wp-content\/uploads\/singapore-tube-extension-1024x512.jpg 1024w, https:\/\/wenzl-assekuranz.com\/site\/wp-content\/uploads\/singapore-tube-extension-720x360.jpg 720w, https:\/\/wenzl-assekuranz.com\/site\/wp-content\/uploads\/singapore-tube-extension-350x175.jpg 350w\" sizes=\"(max-width: 1600px) 100vw, 1600px\" \/><\/a><\/figure><div class=\"elementor-image-box-content\"><h3 class=\"elementor-image-box-title\"><a href=\"https:\/\/www.lta.gov.sg\/content\/ltaweb\/en\/public-transport.html\">Singapore Tube Extension<\/a><\/h3><\/div><\/div>\t\t\t\t<\/div>\n\t\t\t\t<\/div>\n\t\t\t\t\t<\/div>\n\t\t<\/div>\n\t\t\t\t\t<\/div>\n\t\t<\/section>\n\t\t\t\t<section class=\"elementor-section elementor-top-section elementor-element elementor-element-7e2bcda elementor-section-stretched elementor-section-height-min-height elementor-section-boxed elementor-section-height-default elementor-section-items-middle\" data-id=\"7e2bcda\" data-element_type=\"section\" data-e-type=\"section\" data-settings=\"{&quot;stretch_section&quot;:&quot;section-stretched&quot;,&quot;background_background&quot;:&quot;classic&quot;}\">\n\t\t\t\t\t\t<div class=\"elementor-container elementor-column-gap-narrow\">\n\t\t\t\t\t<div class=\"elementor-column elementor-col-33 elementor-top-column elementor-element elementor-element-64a071e elementor-invisible\" data-id=\"64a071e\" data-element_type=\"column\" data-e-type=\"column\" data-settings=\"{&quot;background_background&quot;:&quot;classic&quot;,&quot;animation&quot;:&quot;pulse&quot;}\">\n\t\t\t<div class=\"elementor-widget-wrap elementor-element-populated\">\n\t\t\t\t\t<div class=\"elementor-background-overlay\"><\/div>\n\t\t\t\t\t\t<div class=\"elementor-element elementor-element-dbe6aa2 elementor-position-top elementor-widget elementor-widget-image-box\" data-id=\"dbe6aa2\" data-element_type=\"widget\" data-e-type=\"widget\" data-widget_type=\"image-box.default\">\n\t\t\t\t<div class=\"elementor-widget-container\">\n\t\t\t\t\t<div class=\"elementor-image-box-wrapper\"><figure class=\"elementor-image-box-img\"><a href=\"http:\/\/www.crossrail.co.uk\/\" tabindex=\"-1\"><img loading=\"lazy\" decoding=\"async\" width=\"1600\" height=\"800\" src=\"https:\/\/wenzl-assekuranz.com\/site\/wp-content\/uploads\/crossrail.jpg\" class=\"attachment-full size-full wp-image-233\" alt=\"\" srcset=\"https:\/\/wenzl-assekuranz.com\/site\/wp-content\/uploads\/crossrail.jpg 1600w, https:\/\/wenzl-assekuranz.com\/site\/wp-content\/uploads\/crossrail-300x150.jpg 300w, https:\/\/wenzl-assekuranz.com\/site\/wp-content\/uploads\/crossrail-768x384.jpg 768w, https:\/\/wenzl-assekuranz.com\/site\/wp-content\/uploads\/crossrail-1024x512.jpg 1024w, https:\/\/wenzl-assekuranz.com\/site\/wp-content\/uploads\/crossrail-720x360.jpg 720w\" sizes=\"(max-width: 1600px) 100vw, 1600px\" \/><\/a><\/figure><div class=\"elementor-image-box-content\"><h3 class=\"elementor-image-box-title\"><a href=\"http:\/\/www.crossrail.co.uk\/\">Crossrail London, UK<\/a><\/h3><\/div><\/div>\t\t\t\t<\/div>\n\t\t\t\t<\/div>\n\t\t\t\t\t<\/div>\n\t\t<\/div>\n\t\t\t\t<div class=\"elementor-column elementor-col-33 elementor-top-column elementor-element elementor-element-2543050 elementor-invisible\" data-id=\"2543050\" data-element_type=\"column\" data-e-type=\"column\" data-settings=\"{&quot;background_background&quot;:&quot;classic&quot;,&quot;animation&quot;:&quot;pulse&quot;}\">\n\t\t\t<div class=\"elementor-widget-wrap elementor-element-populated\">\n\t\t\t\t\t<div class=\"elementor-background-overlay\"><\/div>\n\t\t\t\t\t\t<div class=\"elementor-element elementor-element-7d80671 elementor-position-top elementor-widget elementor-widget-image-box\" data-id=\"7d80671\" data-element_type=\"widget\" data-e-type=\"widget\" data-widget_type=\"image-box.default\">\n\t\t\t\t<div class=\"elementor-widget-container\">\n\t\t\t\t\t<div class=\"elementor-image-box-wrapper\"><figure class=\"elementor-image-box-img\"><a href=\"http:\/\/www.blohmvoss.com\/de\/corporate\" tabindex=\"-1\"><img loading=\"lazy\" decoding=\"async\" width=\"1600\" height=\"800\" src=\"https:\/\/wenzl-assekuranz.com\/site\/wp-content\/uploads\/shipyard.jpg\" class=\"attachment-full size-full wp-image-232\" alt=\"shipyard\" srcset=\"https:\/\/wenzl-assekuranz.com\/site\/wp-content\/uploads\/shipyard.jpg 1600w, https:\/\/wenzl-assekuranz.com\/site\/wp-content\/uploads\/shipyard-300x150.jpg 300w, https:\/\/wenzl-assekuranz.com\/site\/wp-content\/uploads\/shipyard-768x384.jpg 768w, https:\/\/wenzl-assekuranz.com\/site\/wp-content\/uploads\/shipyard-1024x512.jpg 1024w, https:\/\/wenzl-assekuranz.com\/site\/wp-content\/uploads\/shipyard-720x360.jpg 720w\" sizes=\"(max-width: 1600px) 100vw, 1600px\" \/><\/a><\/figure><div class=\"elementor-image-box-content\"><h3 class=\"elementor-image-box-title\"><a href=\"http:\/\/www.blohmvoss.com\/de\/corporate\">Larger Ship Building<\/a><\/h3><\/div><\/div>\t\t\t\t<\/div>\n\t\t\t\t<\/div>\n\t\t\t\t\t<\/div>\n\t\t<\/div>\n\t\t\t\t<div class=\"elementor-column elementor-col-33 elementor-top-column elementor-element elementor-element-dc95e31 elementor-invisible\" data-id=\"dc95e31\" data-element_type=\"column\" data-e-type=\"column\" data-settings=\"{&quot;background_background&quot;:&quot;classic&quot;,&quot;animation&quot;:&quot;pulse&quot;}\">\n\t\t\t<div class=\"elementor-widget-wrap elementor-element-populated\">\n\t\t\t\t\t<div class=\"elementor-background-overlay\"><\/div>\n\t\t\t\t\t\t<div class=\"elementor-element elementor-element-921297c elementor-position-top elementor-widget elementor-widget-image-box\" data-id=\"921297c\" data-element_type=\"widget\" data-e-type=\"widget\" data-widget_type=\"image-box.default\">\n\t\t\t\t<div class=\"elementor-widget-container\">\n\t\t\t\t\t<div class=\"elementor-image-box-wrapper\"><figure class=\"elementor-image-box-img\"><a href=\"http:\/\/www.via-solutions-nord.de\/\" tabindex=\"-1\"><img loading=\"lazy\" decoding=\"async\" width=\"1600\" height=\"800\" src=\"https:\/\/wenzl-assekuranz.com\/site\/wp-content\/uploads\/autobahn-a7.jpg\" class=\"attachment-full size-full wp-image-234\" alt=\"autobahn-a7\" srcset=\"https:\/\/wenzl-assekuranz.com\/site\/wp-content\/uploads\/autobahn-a7.jpg 1600w, https:\/\/wenzl-assekuranz.com\/site\/wp-content\/uploads\/autobahn-a7-300x150.jpg 300w, https:\/\/wenzl-assekuranz.com\/site\/wp-content\/uploads\/autobahn-a7-768x384.jpg 768w, https:\/\/wenzl-assekuranz.com\/site\/wp-content\/uploads\/autobahn-a7-1024x512.jpg 1024w, https:\/\/wenzl-assekuranz.com\/site\/wp-content\/uploads\/autobahn-a7-720x360.jpg 720w\" sizes=\"(max-width: 1600px) 100vw, 1600px\" \/><\/a><\/figure><div class=\"elementor-image-box-content\"><h3 class=\"elementor-image-box-title\"><a href=\"http:\/\/www.via-solutions-nord.de\/\">Autobahn A7, Germany<\/a><\/h3><\/div><\/div>\t\t\t\t<\/div>\n\t\t\t\t<\/div>\n\t\t\t\t\t<\/div>\n\t\t<\/div>\n\t\t\t\t\t<\/div>\n\t\t<\/section>\n\t\t\t\t<section class=\"elementor-section elementor-top-section elementor-element elementor-element-606e305 elementor-section-boxed elementor-section-height-default elementor-section-height-default\" data-id=\"606e305\" data-element_type=\"section\" data-e-type=\"section\">\n\t\t\t\t\t\t<div class=\"elementor-container elementor-column-gap-default\">\n\t\t\t\t\t<div class=\"elementor-column elementor-col-100 elementor-top-column elementor-element elementor-element-3aa4f1b\" data-id=\"3aa4f1b\" data-element_type=\"column\" data-e-type=\"column\">\n\t\t\t<div class=\"elementor-widget-wrap elementor-element-populated\">\n\t\t\t\t\t\t<div class=\"elementor-element elementor-element-41db8fc elementor-widget elementor-widget-text-editor\" data-id=\"41db8fc\" data-element_type=\"widget\" data-e-type=\"widget\" data-widget_type=\"text-editor.default\">\n\t\t\t\t<div class=\"elementor-widget-container\">\n\t\t\t\t\t\t\t\t\t<p><small>Photo Credits:\u00a0Gotthart Base Tunnel (Zacharie Grossen \/ Creative Commons 4.0), Singapore Tube Extension (Calvin Teo \/ Creative Commons 2.5), Larger Ship Building (Pixabay \/ CC0 Creative Commons), Autobahn A7, Germany (Martina Nolte \/ Creative Commons CC-by-sa-3.0 de). All images courtesy of their copyright owners.<\/small><\/p>\t\t\t\t\t\t\t\t<\/div>\n\t\t\t\t<\/div>\n\t\t\t\t\t<\/div>\n\t\t<\/div>\n\t\t\t\t\t<\/div>\n\t\t<\/section>\n\t\t\t\t<\/div>","protected":false},"excerpt":{"rendered":"<div class=\"byline\">Wenzl Assekuranz ist und war an einigen der gr\u00f6\u00dften Infrastrukturprojekte weltweit in verschiedenen Regeln f\u00fcr den Arbeitgeber, die Generalunternehmer oder die Subunternehmer beteiligt. Wenzl Assekuranz hat und geht nicht nur das Risiko ein, sondern schafft zus\u00e4tzlich eigene Produkte rund um Entsch\u00e4digungen, Anleiheformulierungen und Mitversicherungsvereinbarungen.<\/p>","protected":false},"author":2,"featured_media":0,"parent":0,"menu_order":0,"comment_status":"closed","ping_status":"closed","template":"","meta":{"_genesis_hide_title":false,"_genesis_hide_breadcrumbs":false,"_genesis_hide_singular_image":false,"_genesis_hide_footer_widgets":false,"_genesis_custom_body_class":"","_genesis_custom_post_class":"","_genesis_layout":"full-width-content","footnotes":""},"class_list":{"0":"post-15","1":"page","2":"type-page","3":"status-publish","5":"entry"},"_links":{"self":[{"href":"https:\/\/wenzl-assekuranz.com\/de\/wp-json\/wp\/v2\/pages\/15"}],"collection":[{"href":"https:\/\/wenzl-assekuranz.com\/de\/wp-json\/wp\/v2\/pages"}],"about":[{"href":"https:\/\/wenzl-assekuranz.com\/de\/wp-json\/wp\/v2\/types\/page"}],"author":[{"embeddable":true,"href":"https:\/\/wenzl-assekuranz.com\/de\/wp-json\/wp\/v2\/users\/2"}],"replies":[{"embeddable":true,"href":"https:\/\/wenzl-assekuranz.com\/de\/wp-json\/wp\/v2\/comments?post=15"}],"version-history":[{"count":87,"href":"https:\/\/wenzl-assekuranz.com\/de\/wp-json\/wp\/v2\/pages\/15\/revisions"}],"predecessor-version":[{"id":553,"href":"https:\/\/wenzl-assekuranz.com\/de\/wp-json\/wp\/v2\/pages\/15\/revisions\/553"}],"wp:attachment":[{"href":"https:\/\/wenzl-assekuranz.com\/de\/wp-json\/wp\/v2\/media?parent=15"}],"curies":[{"name":"wp","href":"https:\/\/api.w.org\/{rel}","templated":true}]}}