{"id":13,"date":"2017-09-13T17:16:44","date_gmt":"2017-09-13T15:16:44","guid":{"rendered":"http:\/\/wenzl-assekuranz.com\/site\/?page_id=13"},"modified":"2023-09-01T09:31:55","modified_gmt":"2023-09-01T07:31:55","slug":"about-us","status":"publish","type":"page","link":"https:\/\/wenzl-assekuranz.com\/de\/about-us\/","title":{"rendered":"\u00dcber uns"},"content":{"rendered":"<div data-elementor-type=\"wp-page\" data-elementor-id=\"13\" class=\"elementor elementor-13\" data-elementor-post-type=\"page\">\n\t\t\t\t\t\t<section class=\"elementor-section elementor-top-section elementor-element elementor-element-45165c2a elementor-section-boxed elementor-section-height-default elementor-section-height-default\" data-id=\"45165c2a\" data-element_type=\"section\" data-e-type=\"section\">\n\t\t\t\t\t\t<div class=\"elementor-container elementor-column-gap-default\">\n\t\t\t\t\t<div class=\"elementor-column elementor-col-100 elementor-top-column elementor-element elementor-element-6dea5027\" data-id=\"6dea5027\" data-element_type=\"column\" data-e-type=\"column\">\n\t\t\t<div class=\"elementor-widget-wrap elementor-element-populated\">\n\t\t\t\t\t\t<div class=\"elementor-element elementor-element-11760a8 elementor-widget elementor-widget-text-editor\" data-id=\"11760a8\" data-element_type=\"widget\" data-e-type=\"widget\" data-widget_type=\"text-editor.default\">\n\t\t\t\t<div class=\"elementor-widget-container\">\n\t\t\t\t\t\t\t\t\t<p>Wenzl hat viele innovative L\u00f6sungen f\u00fcr gro\u00dfe und mittelst\u00e4ndische Kunden aus der Industrie strukturiert, die hohe Volumina an Garantien\/B\u00fcrgschaften ben\u00f6tigen. Dabei gehen wir auch auf herausfordernde Situationen wie M&amp;A-Szenarios, exponentielles Unternehmenswachstum und wirtschaftliche Schwierigkeiten ein.<\/p><p>Dank ihrer jahrzehntelangen Erfahrung im internationalen Bankgesch\u00e4ft sind Manuel L\u00f3pez und Ricardo Qu\u00edlez in der Lage, die Schnittstelle zwischen dem Versicherungs- und dem Bankensektor zu \u00fcberbr\u00fccken und einzigartige L\u00f6sungen zum Nutzen unserer Kunden anzubieten. Diese Schnittstelle gewinnt zunehmend an Bedeutung, da die strengeren regulatorischen Vorschriften und Kapitalbeschr\u00e4nkungen f\u00fcr Banken deren Risikobereitschaft erheblich einschr\u00e4nken und sie zwingen, ihre Preise deutlich zu erh\u00f6hen oder sich zur\u00fcckzuziehen.<\/p><p class=\"translation-block\">Wir sind Mitglied der <a href=\"https:\/\/www.lma.eu.com\" target=\"_self\">Loan Market Association<\/a>, die den globalen Syndizierungsmarkt der Banken vertritt, und der <a href=\"https:\/\/itfa.org\" target=\"_self\">ITFA<\/a>, deren Pendant im Bereich der  Handelsfinanzierung.<\/p>\t\t\t\t\t\t\t\t<\/div>\n\t\t\t\t<\/div>\n\t\t\t\t<div class=\"elementor-element elementor-element-cc7ab32 elementor-position-left elementor-vertical-align-top elementor-widget elementor-widget-image-box\" data-id=\"cc7ab32\" data-element_type=\"widget\" data-e-type=\"widget\" data-widget_type=\"image-box.default\">\n\t\t\t\t<div class=\"elementor-widget-container\">\n\t\t\t\t\t<div class=\"elementor-image-box-wrapper\"><figure class=\"elementor-image-box-img\"><img fetchpriority=\"high\" decoding=\"async\" width=\"600\" height=\"600\" src=\"https:\/\/wenzl-assekuranz.com\/site\/wp-content\/uploads\/jens-schroeder.jpg\" class=\"attachment-full size-full wp-image-647\" alt=\"jens schroeder\" srcset=\"https:\/\/wenzl-assekuranz.com\/site\/wp-content\/uploads\/jens-schroeder.jpg 600w, https:\/\/wenzl-assekuranz.com\/site\/wp-content\/uploads\/jens-schroeder-300x300.jpg 300w, https:\/\/wenzl-assekuranz.com\/site\/wp-content\/uploads\/jens-schroeder-150x150.jpg 150w, https:\/\/wenzl-assekuranz.com\/site\/wp-content\/uploads\/jens-schroeder-12x12.jpg 12w\" sizes=\"(max-width: 600px) 100vw, 600px\" \/><\/figure><div class=\"elementor-image-box-content\"><h4 class=\"elementor-image-box-title\">Jens Schr\u00f6der<\/h4><p class=\"elementor-image-box-description\">Jens Schr\u00f6der war Rechtsanwalt f\u00fcr Finanz- und Arbeitsrecht, bevor er 1999 zur Wenzl Assekuranz kam. Er hat viele bedeutende B\u00fcrgschafts- und Bankgarantie-Transaktionen strukturiert und wichtige Kundenbeziehungen aufgebaut.  Jens ist stolz darauf, seinen Kunden \u00fcber den gesamten Wirtschafts- und Konjunkturzyklus hinweg zu helfen, indem er die notwendige Unterst\u00fctzung von B\u00fcrgschaftsversicherern und Banken erh\u00e4lt. Dadurch hat er sich einen ausgezeichneten Ruf im europ\u00e4ischen B\u00fcrgschaftsmarkt erworben.<\/p><\/div><\/div>\t\t\t\t<\/div>\n\t\t\t\t<\/div>\n\t\t\t\t<div class=\"elementor-element elementor-element-e07e9ea elementor-position-left elementor-vertical-align-top elementor-widget elementor-widget-image-box\" data-id=\"e07e9ea\" data-element_type=\"widget\" data-e-type=\"widget\" data-widget_type=\"image-box.default\">\n\t\t\t\t<div class=\"elementor-widget-container\">\n\t\t\t\t\t<div class=\"elementor-image-box-wrapper\"><figure class=\"elementor-image-box-img\"><img decoding=\"async\" width=\"600\" height=\"600\" src=\"https:\/\/wenzl-assekuranz.com\/site\/wp-content\/uploads\/manuel-lopez.jpg\" class=\"attachment-full size-full wp-image-648\" alt=\"\" srcset=\"https:\/\/wenzl-assekuranz.com\/site\/wp-content\/uploads\/manuel-lopez.jpg 600w, https:\/\/wenzl-assekuranz.com\/site\/wp-content\/uploads\/manuel-lopez-300x300.jpg 300w, https:\/\/wenzl-assekuranz.com\/site\/wp-content\/uploads\/manuel-lopez-150x150.jpg 150w, https:\/\/wenzl-assekuranz.com\/site\/wp-content\/uploads\/manuel-lopez-12x12.jpg 12w\" sizes=\"(max-width: 600px) 100vw, 600px\" \/><\/figure><div class=\"elementor-image-box-content\"><h4 class=\"elementor-image-box-title\">Manuel L\u00f3pez<\/h4><p class=\"elementor-image-box-description\">Manuel L\u00f3pez kam im November 2021 als Partner zu Wenzl und leitet unsere internationale Expansion. Dabei nutzt er seine im Ausland erworbene, jahrzehntelange Erfahrung im internationalen Banken- und Kautionsmarkt. Manuel L\u00f3pez leitet h\u00e4ufig Podiumsdiskussionen bei Branchenverb\u00e4nden wie ICISA, ITFA, LMA und IACPM. Er ist ein anerkannter Spezialist f\u00fcr neue Anwendungsm\u00f6glichkeiten von B\u00fcrgschaften und aufsichtsrechtsrechtlich-konformen Risikotransfer zwischen Banken und Spezialversicherern. Aufgrund seines multikulturellen Hintergrunds und Entsendungen als F\u00fchrungskraft, spricht er flie\u00dfend Spanisch, Deutsch, Italienisch und Englisch.<\/p><\/div><\/div>\t\t\t\t<\/div>\n\t\t\t\t<\/div>\n\t\t\t\t<div class=\"elementor-element elementor-element-ebfba77 elementor-position-left elementor-vertical-align-top elementor-widget elementor-widget-image-box\" data-id=\"ebfba77\" data-element_type=\"widget\" data-e-type=\"widget\" data-widget_type=\"image-box.default\">\n\t\t\t\t<div class=\"elementor-widget-container\">\n\t\t\t\t\t<div class=\"elementor-image-box-wrapper\"><figure class=\"elementor-image-box-img\"><img decoding=\"async\" width=\"800\" height=\"800\" src=\"https:\/\/wenzl-assekuranz.com\/site\/wp-content\/uploads\/ricardo_quilez.webp\" class=\"attachment-full size-full wp-image-702\" alt=\"Ricardo Qu\u00edlez\" srcset=\"https:\/\/wenzl-assekuranz.com\/site\/wp-content\/uploads\/ricardo_quilez.webp 800w, https:\/\/wenzl-assekuranz.com\/site\/wp-content\/uploads\/ricardo_quilez-300x300.webp 300w, https:\/\/wenzl-assekuranz.com\/site\/wp-content\/uploads\/ricardo_quilez-150x150.webp 150w, https:\/\/wenzl-assekuranz.com\/site\/wp-content\/uploads\/ricardo_quilez-768x768.webp 768w, https:\/\/wenzl-assekuranz.com\/site\/wp-content\/uploads\/ricardo_quilez-12x12.webp 12w\" sizes=\"(max-width: 800px) 100vw, 800px\" \/><\/figure><div class=\"elementor-image-box-content\"><h4 class=\"elementor-image-box-title\">Ricardo Qu\u00edlez<\/h4><p class=\"elementor-image-box-description\">Ricardo Qu\u00edlez ist seit Jahrzehnten in der spanischen Finanzdienstleistungsbranche t\u00e4tig und hat sich zu einem Spezialisten f\u00fcr B\u00fcrgschafts- und Garantiel\u00f6sungen entwickelt. In der Vergangenheit war er ma\u00dfgeblich am Aufbau zahlreicher innovativer Bankb\u00fcrgschaftsstrukturen beteiligt. Dabei nutzte er sein hervorragendes Verst\u00e4ndnis der Kundenbed\u00fcrfnisse, sein umfangreiches Netzwerk und sein hohes Ansehen im Markt.  Dar\u00fcber hinaus verf\u00fcgt er \u00fcber jahrelange Erfahrung in der Risikodistribution von verschiedenen Asset-Klassen.<\/p><\/div><\/div>\t\t\t\t<\/div>\n\t\t\t\t<\/div>\n\t\t\t\t<div class=\"elementor-element elementor-element-8c302b6 elementor-position-left elementor-vertical-align-top elementor-widget elementor-widget-image-box\" data-id=\"8c302b6\" data-element_type=\"widget\" data-e-type=\"widget\" data-widget_type=\"image-box.default\">\n\t\t\t\t<div class=\"elementor-widget-container\">\n\t\t\t\t\t<div class=\"elementor-image-box-wrapper\"><figure class=\"elementor-image-box-img\"><img loading=\"lazy\" decoding=\"async\" width=\"600\" height=\"600\" src=\"https:\/\/wenzl-assekuranz.com\/site\/wp-content\/uploads\/domenico.webp\" class=\"attachment-full size-full wp-image-793\" alt=\"Domenico Esposito\" srcset=\"https:\/\/wenzl-assekuranz.com\/site\/wp-content\/uploads\/domenico.webp 600w, https:\/\/wenzl-assekuranz.com\/site\/wp-content\/uploads\/domenico-300x300.webp 300w, https:\/\/wenzl-assekuranz.com\/site\/wp-content\/uploads\/domenico-150x150.webp 150w, https:\/\/wenzl-assekuranz.com\/site\/wp-content\/uploads\/domenico-12x12.webp 12w\" sizes=\"(max-width: 600px) 100vw, 600px\" \/><\/figure><div class=\"elementor-image-box-content\"><h4 class=\"elementor-image-box-title\">Domenico Esposito<\/h4><p class=\"elementor-image-box-description\">Domenico hat nach seinem Studium als Bauingenieur einen Masterstudiengang in Finanzen absolviert und das Versicherungsdiplom des Chartered Insurance Institute (London) erworben. Er verf\u00fcgt \u00fcber mehr als 15 Jahre internationale Erfahrung in den Bereichen Exportkredite, Kautionsversicherungen, Maklerdienste und MGA-Management. W\u00e4hrend dieser Zeit lebte und arbeitete er in verschiedenen L\u00e4ndern Europas und im Nahen Osten, und strukturierte eine gro\u00dfe Anzahl von komplexen grenz\u00fcberschreitenden Gesch\u00e4ften und baute zeitgleich neue Funktionen und Teams auf. Domenico verantwortet die Aktivit\u00e4ten von Wenzl in Italien.<\/p><\/div><\/div>\t\t\t\t<\/div>\n\t\t\t\t<\/div>\n\t\t\t\t\t<\/div>\n\t\t<\/div>\n\t\t\t\t\t<\/div>\n\t\t<\/section>\n\t\t\t\t<\/div>","protected":false},"excerpt":{"rendered":"<div class=\"byline\">Wir vereinen jahrzehntelange internationale Erfahrung im Finanzdienstleistungssektor, einzigartiges technisches Know-how und ein umfangreiches globales Netzwerk. Anstatt zehn Telefonate zu f\u00fchren, gen\u00fcgt ein einziges!<\/p>","protected":false},"author":2,"featured_media":0,"parent":0,"menu_order":0,"comment_status":"closed","ping_status":"closed","template":"elementor_header_footer","meta":{"_genesis_hide_title":false,"_genesis_hide_breadcrumbs":false,"_genesis_hide_singular_image":false,"_genesis_hide_footer_widgets":false,"_genesis_custom_body_class":"","_genesis_custom_post_class":"","_genesis_layout":"","footnotes":""},"class_list":{"0":"post-13","1":"page","2":"type-page","3":"status-publish","5":"entry"},"_links":{"self":[{"href":"https:\/\/wenzl-assekuranz.com\/de\/wp-json\/wp\/v2\/pages\/13"}],"collection":[{"href":"https:\/\/wenzl-assekuranz.com\/de\/wp-json\/wp\/v2\/pages"}],"about":[{"href":"https:\/\/wenzl-assekuranz.com\/de\/wp-json\/wp\/v2\/types\/page"}],"author":[{"embeddable":true,"href":"https:\/\/wenzl-assekuranz.com\/de\/wp-json\/wp\/v2\/users\/2"}],"replies":[{"embeddable":true,"href":"https:\/\/wenzl-assekuranz.com\/de\/wp-json\/wp\/v2\/comments?post=13"}],"version-history":[{"count":174,"href":"https:\/\/wenzl-assekuranz.com\/de\/wp-json\/wp\/v2\/pages\/13\/revisions"}],"predecessor-version":[{"id":877,"href":"https:\/\/wenzl-assekuranz.com\/de\/wp-json\/wp\/v2\/pages\/13\/revisions\/877"}],"wp:attachment":[{"href":"https:\/\/wenzl-assekuranz.com\/de\/wp-json\/wp\/v2\/media?parent=13"}],"curies":[{"name":"wp","href":"https:\/\/api.w.org\/{rel}","templated":true}]}}