{"id":11,"date":"2017-09-13T17:15:32","date_gmt":"2017-09-13T15:15:32","guid":{"rendered":"http:\/\/wenzl-assekuranz.com\/site\/?page_id=11"},"modified":"2023-02-03T17:47:30","modified_gmt":"2023-02-03T16:47:30","slug":"contact","status":"publish","type":"page","link":"https:\/\/wenzl-assekuranz.com\/de\/contact\/","title":{"rendered":"Kontakt"},"content":{"rendered":"<h4 class=\"wp-block-heading\">Status Information<\/h4>\n\n\n\n<p>Die Wenzl Assekuranzmakler GmbH ist als Versicherungsmakler t\u00e4tig und erwirtschaftet Einnahmen in Form von Provisionen von Versicherern. Diese Provisionen sind in der Regel Teil der Pr\u00e4mie, die der Versicherte an den Versicherer zahlt.<\/p>\n\n\n\n<p>Statusinformationen gem\u00e4\u00df \u00a7 11 der deutschen Vorschriften \u00fcber Versicherungsmakler.<\/p>\n\n\n\n<p>The aforementioned company is permitted to operate as an insurance broker with an authorization in accordance with \u00a7 34d(1) of the German Trade Regulations (GewO).&nbsp;It is entered in the register of insurance brokers under the registration number D-W4N0- VH037-68.<\/p>\n\n\n\n<p>Die Wenzl Assekuranzmakler GmbH ist bei der FCA (Financial Conduct Authority) als vom EWR autorisiertes Unternehmen unter der Referenznummer 446799 registriert.<\/p>\n\n\n\n<h4 class=\"wp-block-heading\">Genehmigungsbeh\u00f6rde<\/h4>\n\n\n\n<p>Chamber of Commerce and Industry for Munich and Upper Bavaria<br>Balanstra\u00dfe 55-59, 81541 Munich<br>Phone: + 49 89 5116 &#8211; 1150<br><a href=\"http:\/\/www.muenchen.ihk.de\">www.muenchen.ihk.de<\/a><\/p>\n\n\n\n<p>The entry in the register of brokers can be examined as follows:<br>Deutscher Industrie- und Handelskammertag (DIHK) e.V.<br>Breite Strasse 29, 10178 Berlin<br>Phone: 0180-500-585-0 *<br><small>* 14 cent\/min from a German landline, different charges may apply to mobile phone networks.<br>The register can also be viewed on the internet at <a href=\"http:\/\/www.vermittlerregister.info\">www.vermittlerregister.info<\/a><\/small><\/p>\n\n\n\n<p>Die oben genannte Gesellschaft hat keine direkte oder indirekte Beteiligung von mehr als 10% der Stimmrechte oder des Kapitals an einer anderen Versicherungsgesellschaft. Keine Versicherungsgesellschaft oder Muttergesellschaft einer Versicherungsgesellschaft h\u00e4lt eine direkte oder indirekte Beteiligung von mehr als 10% der Stimmrechte oder des Kapitals an der oben genannten Gesellschaft.<\/p>\n\n\n\n<h4 class=\"wp-block-heading\">Mediationsstellen<\/h4>\n\n\n\n<p>The following mediation bodies can be called upon for extrajudicial settlements:<br>e.V. Prof. G\u00fcnther Hirsch<br>Postfach 08 06 32, 10006 Berlin<br><a href=\"https:\/\/www.versicherungsombudsmann.de\/welcome\/\">www.versicherungsombudsmann.de<\/a><\/p>","protected":false},"excerpt":{"rendered":"<div class=\"byline\">Z\u00f6gern Sie nicht, uns unter buero@wenzl-assekuranz.de (weltweit) oder f\u00fcr britische Bed\u00fcrfnisse unter rick.phillips@wenzl-assekuranz.com zu kontaktieren.<\/p>","protected":false},"author":2,"featured_media":0,"parent":0,"menu_order":0,"comment_status":"closed","ping_status":"closed","template":"","meta":{"_genesis_hide_title":false,"_genesis_hide_breadcrumbs":false,"_genesis_hide_singular_image":false,"_genesis_hide_footer_widgets":false,"_genesis_custom_body_class":"","_genesis_custom_post_class":"","_genesis_layout":"","footnotes":""},"class_list":{"0":"post-11","1":"page","2":"type-page","3":"status-publish","5":"entry"},"_links":{"self":[{"href":"https:\/\/wenzl-assekuranz.com\/de\/wp-json\/wp\/v2\/pages\/11"}],"collection":[{"href":"https:\/\/wenzl-assekuranz.com\/de\/wp-json\/wp\/v2\/pages"}],"about":[{"href":"https:\/\/wenzl-assekuranz.com\/de\/wp-json\/wp\/v2\/types\/page"}],"author":[{"embeddable":true,"href":"https:\/\/wenzl-assekuranz.com\/de\/wp-json\/wp\/v2\/users\/2"}],"replies":[{"embeddable":true,"href":"https:\/\/wenzl-assekuranz.com\/de\/wp-json\/wp\/v2\/comments?post=11"}],"version-history":[{"count":30,"href":"https:\/\/wenzl-assekuranz.com\/de\/wp-json\/wp\/v2\/pages\/11\/revisions"}],"predecessor-version":[{"id":791,"href":"https:\/\/wenzl-assekuranz.com\/de\/wp-json\/wp\/v2\/pages\/11\/revisions\/791"}],"wp:attachment":[{"href":"https:\/\/wenzl-assekuranz.com\/de\/wp-json\/wp\/v2\/media?parent=11"}],"curies":[{"name":"wp","href":"https:\/\/api.w.org\/{rel}","templated":true}]}}